{"id":147,"date":"2022-12-20T17:19:47","date_gmt":"2022-12-20T14:19:47","guid":{"rendered":"http:\/\/metgumruk.com\/?page_id=147"},"modified":"2023-01-21T17:29:42","modified_gmt":"2023-01-21T14:29:42","slug":"hakkimizda","status":"publish","type":"page","link":"https:\/\/metgumruk.com\/index.php\/hakkimizda\/","title":{"rendered":"Hakk\u0131m\u0131zda"},"content":{"rendered":"\t\t<div data-elementor-type=\"wp-page\" data-elementor-id=\"147\" class=\"elementor elementor-147\">\n\t\t\t\t\t\t<div class=\"elementor-inner\">\n\t\t\t\t<div class=\"elementor-section-wrap\">\n\t\t\t\t\t\t\t\t\t<section class=\"elementor-section elementor-top-section elementor-element elementor-element-333d930e elementor-section-content-middle elementor-reverse-mobile elementor-section-boxed elementor-section-height-default elementor-section-height-default\" data-id=\"333d930e\" data-element_type=\"section\" data-settings=\"{&quot;background_background&quot;:&quot;gradient&quot;}\">\n\t\t\t\t\t\t<div class=\"elementor-container elementor-column-gap-default\">\n\t\t\t\t\t\t\t<div class=\"elementor-row\">\n\t\t\t\t\t<div class=\"aux-parallax-section elementor-column elementor-col-50 elementor-top-column elementor-element elementor-element-56f4cc1\" data-id=\"56f4cc1\" data-element_type=\"column\">\n\t\t\t<div class=\"elementor-column-wrap elementor-element-populated\">\n\t\t\t\t\t\t\t<div class=\"elementor-widget-wrap\">\n\t\t\t\t\t\t<div class=\"elementor-element elementor-element-659252fb aux-appear-watch-animation aux-mask-from-left elementor-widget elementor-widget-aux_modern_heading\" data-id=\"659252fb\" data-element_type=\"widget\" data-widget_type=\"aux_modern_heading.default\">\n\t\t\t\t<div class=\"elementor-widget-container\">\n\t\t\t<section class=\"aux-widget-modern-heading\">\n            <div class=\"aux-widget-inner\"><h2 class=\"aux-modern-heading-primary\"><\/h2><h3 class=\"aux-modern-heading-secondary\"><span class=\"aux-head-highlight\">Hakk\u0131m\u0131zda<\/span><\/h3><\/div>\n        <\/section>\t\t<\/div>\n\t\t\t\t<\/div>\n\t\t\t\t<div class=\"elementor-element elementor-element-102fd3d2 aux-appear-watch-animation aux-fade-in-right elementor-widget elementor-widget-text-editor\" data-id=\"102fd3d2\" data-element_type=\"widget\" data-widget_type=\"text-editor.default\">\n\t\t\t\t<div class=\"elementor-widget-container\">\n\t\t\t\t\t\t\t\t<div class=\"elementor-text-editor elementor-clearfix\">\n\t\t\t\t<div class=\"aux-bus2-title-divider\">\u00a0<\/div>\t\t\t\t\t<\/div>\n\t\t\t\t\t\t<\/div>\n\t\t\t\t<\/div>\n\t\t\t\t<div class=\"elementor-element elementor-element-6ebfe50d aux-appear-watch-animation aux-fade-in-up elementor-widget elementor-widget-text-editor\" data-id=\"6ebfe50d\" data-element_type=\"widget\" data-widget_type=\"text-editor.default\">\n\t\t\t\t<div class=\"elementor-widget-container\">\n\t\t\t\t\t\t\t\t<div class=\"elementor-text-editor elementor-clearfix\">\n\t\t\t\t<p>Met G\u00fcmr\u00fck M\u00fc\u015favirli\u011fi, hem yerel hem de uluslararas\u0131 alandaki geni\u015f tecr\u00fcbesi ile m\u00fckelleflerine uzun y\u0131llard\u0131r \u00f6nemli d\u0131\u015f ticaret i\u015flemlerinde nitelikli m\u00fc\u015favirlik hizmetleri sunmaktad\u0131r. B\u00fcnyesinde, \u00e7al\u0131\u015fmakta oldu\u011fu t\u00fcm firma gruplar\u0131 i\u00e7in y\u00f6netici ve personelin yan\u0131 s\u0131ra sekt\u00f6rel tecr\u00fcbelerini firmaya aktaran alan\u0131nda uzman m\u00fc\u015favirlerin g\u00f6rev ald\u0131\u011f\u0131 \u00e7ok say\u0131da ofis bar\u0131nd\u0131rmaktad\u0131r.<\/p><p>Met G\u00fcmr\u00fck, G\u00fcmr\u00fck M\u00fc\u015favirli\u011fi alan\u0131nda uzun y\u0131llardan bu yana d\u0131\u015f ticaret \u015firketlerine ihtiya\u00e7 ve talepleri do\u011frultusunda \u201cD\u0131\u015f Ticaret \u0130\u015flemleri\u2019nin t\u00fcm a\u015famalar\u0131nda hizmet vermektedir. Met G\u00fcmr\u00fck teknolojik alt yap\u0131s\u0131n\u0131 g\u00fc\u00e7lendirerek geli\u015fimini h\u0131zland\u0131rm\u0131\u015ft\u0131r. Met G\u00fcmr\u00fck 2021 y\u0131l\u0131nda \u0130stanbul\u2019da a\u00e7\u0131lm\u0131\u015ft\u0131r. Bu hizmet kolunda geni\u015fletmeye de devam etmektedir.<\/p><p>Yakla\u015f\u0131m\u0131m\u0131z\u0131n ve ba\u015far\u0131ya olan inanc\u0131m\u0131z ile ba\u011fl\u0131l\u0131\u011f\u0131m\u0131z\u0131n bir par\u00e7as\u0131 olarak Met G\u00fcmr\u00fck, m\u00fc\u015fterilerinin ihtiya\u00e7lar\u0131n\u0131 anlamak ve ger\u00e7ekle\u015ftirmek amac\u0131yla sadece en yetkin ve en etkili hizmeti garanti etmektedir. Met G\u00fcmr\u00fck ekibi olarak i\u015f ortaklar\u0131m\u0131z\u0131n iyi niyetini ve g\u00fcvenini s\u00fcrd\u00fcrmek i\u00e7in \u00f6zen ve gayretle \u00e7al\u0131\u015fma i\u00e7indedir. Met G\u00fcmr\u00fck, ola\u011fan i\u015flemlerin yan\u0131 s\u0131ra ola\u011fand\u0131\u015f\u0131 i\u015flemleri de sakin ve p\u00fcr\u00fczs\u00fcz bir \u015fekilde s\u00fcrd\u00fcrmek i\u00e7in gerekli t\u00fcm kaynaklara, uzmanl\u0131\u011fa ve yap\u0131c\u0131l\u0131\u011fa sahiptir.<\/p>\t\t\t\t\t<\/div>\n\t\t\t\t\t\t<\/div>\n\t\t\t\t<\/div>\n\t\t\t\t<div class=\"elementor-element elementor-element-46d473f4 aux-appear-watch-animation aux-fade-in-right elementor-widget elementor-widget-aux_button\" data-id=\"46d473f4\" data-element_type=\"widget\" data-widget_type=\"aux_button.default\">\n\t\t\t\t<div class=\"elementor-widget-container\">\n\t\t\t<button   class=\"aux-button aux-medium aux-carmine-pink aux-curve aux-none aux-uppercase\" ><span class=\"aux-overlay\"><\/span><span class=\"aux-text\">\u0130leti\u015fime Ge\u00e7<\/span><\/button>\t\t<\/div>\n\t\t\t\t<\/div>\n\t\t\t\t\t\t<\/div>\n\t\t\t\t\t<\/div>\n\t\t<\/div>\n\t\t\t\t<div class=\"aux-parallax-section elementor-column elementor-col-50 elementor-top-column elementor-element elementor-element-783201ed aux-appear-watch-animation aux-mask-from-left\" data-id=\"783201ed\" data-element_type=\"column\">\n\t\t\t<div class=\"elementor-column-wrap elementor-element-populated\">\n\t\t\t\t\t\t\t<div class=\"elementor-widget-wrap\">\n\t\t\t\t\t\t<div class=\"elementor-element elementor-element-6ac7585e elementor-widget elementor-widget-aux_image\" data-id=\"6ac7585e\" data-element_type=\"widget\" data-widget_type=\"aux_image.default\">\n\t\t\t\t<div class=\"elementor-widget-container\">\n\t\t\t<section class=\"widget-container aux-widget-image aux-alignnone aux-parent-au2d4aeb19\">\n    <div class=\"aux-media-hint-frame \">\n        <div class=\"aux-media-image \" >\n        \n            \n\n            \n            <img loading=\"lazy\" decoding=\"async\" width=\"2160\" height=\"1140\" src=\"image\/gif;base64,R0lGODlhAQABAIAAAAAAAP\/\/\/yH5BAEAAAAALAAAAAABAAEAAAIBRAA7\" class=\"aux-attachment aux-featured-image aux-attachment-id-334 aux-preload aux-blank\" alt=\"denizyolu-tasimaciligi_2160x1140\" data-ratio=\"1.89\" data-original-w=\"2160\" data-src=\"https:\/\/metgumruk.com\/wp-content\/uploads\/2023\/01\/denizyolu-tasimaciligi_2160x1140.jpg\" \/>            \n                <\/div>\n    <\/div>\n\n<\/section><!-- widget-container -->\t\t<\/div>\n\t\t\t\t<\/div>\n\t\t\t\t<div class=\"elementor-element elementor-element-bce30ea elementor-widget elementor-widget-aux_image\" data-id=\"bce30ea\" data-element_type=\"widget\" data-widget_type=\"aux_image.default\">\n\t\t\t\t<div class=\"elementor-widget-container\">\n\t\t\t<section class=\"widget-container aux-widget-image aux-alignnone aux-parent-auf8fd6370\">\n    <div class=\"aux-media-hint-frame \">\n        <div class=\"aux-media-image \" >\n        \n            \n\n            \n            <img loading=\"lazy\" decoding=\"async\" width=\"2160\" height=\"1140\" src=\"image\/gif;base64,R0lGODlhAQABAIAAAAAAAP\/\/\/yH5BAEAAAAALAAAAAABAAEAAAIBRAA7\" class=\"aux-attachment aux-featured-image aux-attachment-id-333 aux-preload aux-blank\" alt=\"anagorsel_1223_2160x1140\" data-ratio=\"1.89\" data-original-w=\"2160\" data-src=\"https:\/\/metgumruk.com\/wp-content\/uploads\/2023\/01\/anagorsel_1223_2160x1140.jpg\" \/>            \n                <\/div>\n    <\/div>\n\n<\/section><!-- widget-container -->\t\t<\/div>\n\t\t\t\t<\/div>\n\t\t\t\t\t\t<\/div>\n\t\t\t\t\t<\/div>\n\t\t<\/div>\n\t\t\t\t\t\t\t\t<\/div>\n\t\t\t\t\t<\/div>\n\t\t<\/section>\n\t\t\t\t\t\t\t\t\t<\/div>\n\t\t\t<\/div>\n\t\t\t\t\t<\/div>\n\t\t","protected":false},"excerpt":{"rendered":"<p>Hakk\u0131m\u0131zda \u00a0 Met G\u00fcmr\u00fck M\u00fc\u015favirli\u011fi, hem yerel hem de uluslararas\u0131 alandaki geni\u015f tecr\u00fcbesi ile m\u00fckelleflerine uzun y\u0131llard\u0131r \u00f6nemli d\u0131\u015f ticaret i\u015flemlerinde nitelikli m\u00fc\u015favirlik hizmetleri sunmaktad\u0131r. B\u00fcnyesinde, \u00e7al\u0131\u015fmakta oldu\u011fu t\u00fcm firma gruplar\u0131 i\u00e7in y\u00f6netici ve personelin yan\u0131 s\u0131ra sekt\u00f6rel tecr\u00fcbelerini firmaya aktaran alan\u0131nda uzman m\u00fc\u015favirlerin g\u00f6rev ald\u0131\u011f\u0131 \u00e7ok say\u0131da ofis bar\u0131nd\u0131rmaktad\u0131r. Met G\u00fcmr\u00fck, G\u00fcmr\u00fck M\u00fc\u015favirli\u011fi alan\u0131nda [&hellip;]<\/p>\n","protected":false},"author":1,"featured_media":0,"parent":0,"menu_order":0,"comment_status":"closed","ping_status":"closed","template":"","meta":{"footnotes":""},"class_list":["post-147","page","type-page","status-publish","hentry"],"_links":{"self":[{"href":"https:\/\/metgumruk.com\/index.php\/wp-json\/wp\/v2\/pages\/147","targetHints":{"allow":["GET"]}}],"collection":[{"href":"https:\/\/metgumruk.com\/index.php\/wp-json\/wp\/v2\/pages"}],"about":[{"href":"https:\/\/metgumruk.com\/index.php\/wp-json\/wp\/v2\/types\/page"}],"author":[{"embeddable":true,"href":"https:\/\/metgumruk.com\/index.php\/wp-json\/wp\/v2\/users\/1"}],"replies":[{"embeddable":true,"href":"https:\/\/metgumruk.com\/index.php\/wp-json\/wp\/v2\/comments?post=147"}],"version-history":[{"count":19,"href":"https:\/\/metgumruk.com\/index.php\/wp-json\/wp\/v2\/pages\/147\/revisions"}],"predecessor-version":[{"id":377,"href":"https:\/\/metgumruk.com\/index.php\/wp-json\/wp\/v2\/pages\/147\/revisions\/377"}],"wp:attachment":[{"href":"https:\/\/metgumruk.com\/index.php\/wp-json\/wp\/v2\/media?parent=147"}],"curies":[{"name":"wp","href":"https:\/\/api.w.org\/{rel}","templated":true}]}}