{"id":148,"date":"2022-12-20T17:19:50","date_gmt":"2022-12-20T14:19:50","guid":{"rendered":"http:\/\/metgumruk.com\/?page_id=148"},"modified":"2022-12-20T17:30:28","modified_gmt":"2022-12-20T14:30:28","slug":"vizyonmisyon-ve-degerlerimiz","status":"publish","type":"page","link":"https:\/\/metgumruk.com\/index.php\/vizyonmisyon-ve-degerlerimiz\/","title":{"rendered":"Vizyon,Misyon ve De\u011ferlerimiz"},"content":{"rendered":"\t\t<div data-elementor-type=\"wp-page\" data-elementor-id=\"148\" class=\"elementor elementor-148\">\n\t\t\t\t\t\t<div class=\"elementor-inner\">\n\t\t\t\t<div class=\"elementor-section-wrap\">\n\t\t\t\t\t\t\t\t\t<section class=\"elementor-section elementor-top-section elementor-element elementor-element-6b636a4e elementor-section-content-middle elementor-reverse-mobile elementor-section-boxed elementor-section-height-default elementor-section-height-default\" data-id=\"6b636a4e\" data-element_type=\"section\" data-settings=\"{&quot;background_background&quot;:&quot;gradient&quot;}\">\n\t\t\t\t\t\t<div class=\"elementor-container elementor-column-gap-default\">\n\t\t\t\t\t\t\t<div class=\"elementor-row\">\n\t\t\t\t\t<div class=\"aux-parallax-section elementor-column elementor-col-50 elementor-top-column elementor-element elementor-element-73100a1c\" data-id=\"73100a1c\" data-element_type=\"column\">\n\t\t\t<div class=\"elementor-column-wrap elementor-element-populated\">\n\t\t\t\t\t\t\t<div class=\"elementor-widget-wrap\">\n\t\t\t\t\t\t<div class=\"elementor-element elementor-element-7dd8943 aux-appear-watch-animation aux-mask-from-left elementor-widget elementor-widget-aux_modern_heading\" data-id=\"7dd8943\" data-element_type=\"widget\" data-widget_type=\"aux_modern_heading.default\">\n\t\t\t\t<div class=\"elementor-widget-container\">\n\t\t\t<section class=\"aux-widget-modern-heading\">\n            <div class=\"aux-widget-inner\"><h2 class=\"aux-modern-heading-primary\"><\/h2><h3 class=\"aux-modern-heading-secondary\"><span class=\"aux-head-highlight\">Misyonumuz<\/span><\/h3><\/div>\n        <\/section>\t\t<\/div>\n\t\t\t\t<\/div>\n\t\t\t\t<div class=\"elementor-element elementor-element-54b64ca5 aux-appear-watch-animation aux-fade-in-right elementor-widget elementor-widget-text-editor\" data-id=\"54b64ca5\" data-element_type=\"widget\" data-widget_type=\"text-editor.default\">\n\t\t\t\t<div class=\"elementor-widget-container\">\n\t\t\t\t\t\t\t\t<div class=\"elementor-text-editor elementor-clearfix\">\n\t\t\t\t<div class=\"aux-bus2-title-divider\">\u00a0<\/div>\t\t\t\t\t<\/div>\n\t\t\t\t\t\t<\/div>\n\t\t\t\t<\/div>\n\t\t\t\t<div class=\"elementor-element elementor-element-18076497 aux-appear-watch-animation aux-fade-in-up elementor-widget elementor-widget-text-editor\" data-id=\"18076497\" data-element_type=\"widget\" data-widget_type=\"text-editor.default\">\n\t\t\t\t<div class=\"elementor-widget-container\">\n\t\t\t\t\t\t\t\t<div class=\"elementor-text-editor elementor-clearfix\">\n\t\t\t\t<p>Met G\u00fcmr\u00fck M\u00fc\u015favirli\u011fi m\u00fc\u015fterilerinin, ihtiya\u00e7 ve beklentilerini konusunda uzman teknik ekibiyle tespit ederek m\u00fc\u015fteri memnuniyetini en \u00fcst seviyede tutacak \u015fekilde kaliteli ve h\u0131zl\u0131 hizmet sunmay\u0131 hedeflemektedir.<\/p>\t\t\t\t\t<\/div>\n\t\t\t\t\t\t<\/div>\n\t\t\t\t<\/div>\n\t\t\t\t<div class=\"elementor-element elementor-element-4c26778a aux-appear-watch-animation aux-mask-from-left elementor-widget elementor-widget-aux_modern_heading\" data-id=\"4c26778a\" data-element_type=\"widget\" data-widget_type=\"aux_modern_heading.default\">\n\t\t\t\t<div class=\"elementor-widget-container\">\n\t\t\t<section class=\"aux-widget-modern-heading\">\n            <div class=\"aux-widget-inner\"><h2 class=\"aux-modern-heading-primary\"><\/h2><h3 class=\"aux-modern-heading-secondary\"><span class=\"aux-head-highlight\">Vizyonumuz<\/span><\/h3><\/div>\n        <\/section>\t\t<\/div>\n\t\t\t\t<\/div>\n\t\t\t\t<div class=\"elementor-element elementor-element-4dcdde7 aux-appear-watch-animation aux-fade-in-up elementor-widget elementor-widget-text-editor\" data-id=\"4dcdde7\" data-element_type=\"widget\" data-widget_type=\"text-editor.default\">\n\t\t\t\t<div class=\"elementor-widget-container\">\n\t\t\t\t\t\t\t\t<div class=\"elementor-text-editor elementor-clearfix\">\n\t\t\t\t<p>Met G\u00fcmr\u00fck M\u00fc\u015favirli\u011fi m\u00fc\u015fterilerinin, ihtiya\u00e7 ve beklentilerini konusunda uzman teknik ekibiyle tespit ederek m\u00fc\u015fteri memnuniyetini en \u00fcst seviyede tutacak \u015fekilde kaliteli ve h\u0131zl\u0131 hizmet sunmay\u0131 hedeflemektedir.<\/p>\t\t\t\t\t<\/div>\n\t\t\t\t\t\t<\/div>\n\t\t\t\t<\/div>\n\t\t\t\t<div class=\"elementor-element elementor-element-1ea8b6c aux-appear-watch-animation aux-mask-from-left elementor-widget elementor-widget-aux_modern_heading\" data-id=\"1ea8b6c\" data-element_type=\"widget\" data-widget_type=\"aux_modern_heading.default\">\n\t\t\t\t<div class=\"elementor-widget-container\">\n\t\t\t<section class=\"aux-widget-modern-heading\">\n            <div class=\"aux-widget-inner\"><h2 class=\"aux-modern-heading-primary\"><\/h2><h3 class=\"aux-modern-heading-secondary\"><span class=\"aux-head-highlight\">Kalite Politikam\u0131z<\/span><\/h3><\/div>\n        <\/section>\t\t<\/div>\n\t\t\t\t<\/div>\n\t\t\t\t<div class=\"elementor-element elementor-element-e5080f9 aux-appear-watch-animation aux-fade-in-up elementor-widget elementor-widget-text-editor\" data-id=\"e5080f9\" data-element_type=\"widget\" data-widget_type=\"text-editor.default\">\n\t\t\t\t<div class=\"elementor-widget-container\">\n\t\t\t\t\t\t\t\t<div class=\"elementor-text-editor elementor-clearfix\">\n\t\t\t\t<p>E-G\u00fcmr\u00fck ve E-Birlik proje sistemi ile di\u011fer kamu kurulu\u015flar\u0131n\u0131n t\u00fcm onay hizmetlerini ofisten gercekle\u015ftirmek<\/p><p>Sekt\u00f6rdeki t\u00fcm geli\u015fmeleri yak\u0131ndan takip etmek<\/p><p>Kalite Odakl\u0131, alan\u0131nda \u00f6nc\u00fc, h\u0131zl\u0131 ve hatas\u0131z hizmet vermek<\/p><p>M\u00fc\u015fteri memnuniyetini en \u00fcst d\u00fczeyde tutarak sekt\u00f6r\u00fcnde lider olmak<\/p><p>B\u00f6ylece Met G\u00fcmr\u00fck M\u00fc\u015favirli\u011fi; siz m\u00fc\u015fterilerimize daha iyi hizmet sunman\u0131n gururu ve onuru ile yoluna devam etmeyi ama\u00e7 edinmi\u015ftir.<\/p>\t\t\t\t\t<\/div>\n\t\t\t\t\t\t<\/div>\n\t\t\t\t<\/div>\n\t\t\t\t<div class=\"elementor-element elementor-element-2bdb9018 aux-appear-watch-animation aux-fade-in-right elementor-widget elementor-widget-aux_button\" data-id=\"2bdb9018\" data-element_type=\"widget\" data-widget_type=\"aux_button.default\">\n\t\t\t\t<div class=\"elementor-widget-container\">\n\t\t\t<button   class=\"aux-button aux-medium aux-carmine-pink aux-curve aux-none aux-uppercase\" ><span class=\"aux-overlay\"><\/span><span class=\"aux-text\">Hemen \u0130leti\u015fime Ge\u00e7<\/span><\/button>\t\t<\/div>\n\t\t\t\t<\/div>\n\t\t\t\t\t\t<\/div>\n\t\t\t\t\t<\/div>\n\t\t<\/div>\n\t\t\t\t<div class=\"aux-parallax-section elementor-column elementor-col-50 elementor-top-column elementor-element elementor-element-4b2f0939 aux-appear-watch-animation aux-mask-from-left\" data-id=\"4b2f0939\" data-element_type=\"column\">\n\t\t\t<div class=\"elementor-column-wrap elementor-element-populated\">\n\t\t\t\t\t\t\t<div class=\"elementor-widget-wrap\">\n\t\t\t\t\t\t<div class=\"elementor-element elementor-element-767f3da0 elementor-widget elementor-widget-aux_image\" data-id=\"767f3da0\" data-element_type=\"widget\" data-widget_type=\"aux_image.default\">\n\t\t\t\t<div class=\"elementor-widget-container\">\n\t\t\t<section class=\"widget-container aux-widget-image aux-alignnone aux-parent-au5baed768\">\n    <div class=\"aux-media-hint-frame \">\n        <div class=\"aux-media-image \" >\n        \n            \n\n            \n            <img loading=\"lazy\" decoding=\"async\" width=\"800\" height=\"632\" src=\"image\/gif;base64,R0lGODlhAQABAIAAAAAAAP\/\/\/yH5BAEAAAAALAAAAAABAAEAAAIBRAA7\" class=\"aux-attachment aux-featured-image aux-attachment-id-130 aux-preload aux-blank\" alt=\"ilustraci\u00f3n-de-vectores-concepto-abstracto-despacho-aduanas-derechos-aduana-experto-en-importaciones-agente-aduanero-autorizado-196903733\" data-ratio=\"1.36\" data-original-w=\"800\" sizes=\"auto\" data-srcset=\"https:\/\/metgumruk.com\/wp-content\/uploads\/2022\/12\/ilustracion-de-vectores-concepto-abstracto-despacho-aduanas-derechos-aduana-experto-en-importaciones-agente-aduanero-autorizado-196903733-150x110.jpg 150w,https:\/\/metgumruk.com\/wp-content\/uploads\/2022\/12\/ilustracion-de-vectores-concepto-abstracto-despacho-aduanas-derechos-aduana-experto-en-importaciones-agente-aduanero-autorizado-196903733-300x221.jpg 300w,https:\/\/metgumruk.com\/wp-content\/uploads\/2022\/12\/ilustracion-de-vectores-concepto-abstracto-despacho-aduanas-derechos-aduana-experto-en-importaciones-agente-aduanero-autorizado-196903733-768x566.jpg 768w,https:\/\/metgumruk.com\/wp-content\/uploads\/2022\/12\/ilustracion-de-vectores-concepto-abstracto-despacho-aduanas-derechos-aduana-experto-en-importaciones-agente-aduanero-autorizado-196903733-858x632.jpg 800w\" data-src=\"https:\/\/metgumruk.com\/wp-content\/uploads\/2022\/12\/ilustracion-de-vectores-concepto-abstracto-despacho-aduanas-derechos-aduana-experto-en-importaciones-agente-aduanero-autorizado-196903733-858x632.jpg\" \/>            \n                <\/div>\n    <\/div>\n\n<\/section><!-- widget-container -->\t\t<\/div>\n\t\t\t\t<\/div>\n\t\t\t\t<div class=\"elementor-element elementor-element-ec6ea5d elementor-widget elementor-widget-aux_image\" data-id=\"ec6ea5d\" data-element_type=\"widget\" data-widget_type=\"aux_image.default\">\n\t\t\t\t<div class=\"elementor-widget-container\">\n\t\t\t<section class=\"widget-container aux-widget-image aux-alignnone aux-parent-au58b618da\">\n    <div class=\"aux-media-hint-frame \">\n        <div class=\"aux-media-image \" >\n        \n            \n\n            \n            <img loading=\"lazy\" decoding=\"async\" width=\"600\" height=\"503\" src=\"image\/gif;base64,R0lGODlhAQABAIAAAAAAAP\/\/\/yH5BAEAAAAALAAAAAABAAEAAAIBRAA7\" class=\"aux-attachment aux-featured-image aux-attachment-id-129 aux-preload aux-blank\" alt=\"624f0712831d0\" data-ratio=\"1.19\" data-original-w=\"600\" data-src=\"https:\/\/metgumruk.com\/wp-content\/uploads\/2022\/12\/624f0712831d0.jpg\" \/>            \n                <\/div>\n    <\/div>\n\n<\/section><!-- widget-container -->\t\t<\/div>\n\t\t\t\t<\/div>\n\t\t\t\t\t\t<\/div>\n\t\t\t\t\t<\/div>\n\t\t<\/div>\n\t\t\t\t\t\t\t\t<\/div>\n\t\t\t\t\t<\/div>\n\t\t<\/section>\n\t\t\t\t\t\t\t\t\t<\/div>\n\t\t\t<\/div>\n\t\t\t\t\t<\/div>\n\t\t","protected":false},"excerpt":{"rendered":"<p>Misyonumuz \u00a0 Met G\u00fcmr\u00fck M\u00fc\u015favirli\u011fi m\u00fc\u015fterilerinin, ihtiya\u00e7 ve beklentilerini konusunda uzman teknik ekibiyle tespit ederek m\u00fc\u015fteri memnuniyetini en \u00fcst seviyede tutacak \u015fekilde kaliteli ve h\u0131zl\u0131 hizmet sunmay\u0131 hedeflemektedir. Vizyonumuz Met G\u00fcmr\u00fck M\u00fc\u015favirli\u011fi m\u00fc\u015fterilerinin, ihtiya\u00e7 ve beklentilerini konusunda uzman teknik ekibiyle tespit ederek m\u00fc\u015fteri memnuniyetini en \u00fcst seviyede tutacak \u015fekilde kaliteli ve h\u0131zl\u0131 hizmet sunmay\u0131 hedeflemektedir. [&hellip;]<\/p>\n","protected":false},"author":1,"featured_media":0,"parent":0,"menu_order":0,"comment_status":"closed","ping_status":"closed","template":"","meta":{"footnotes":""},"class_list":["post-148","page","type-page","status-publish","hentry"],"_links":{"self":[{"href":"https:\/\/metgumruk.com\/index.php\/wp-json\/wp\/v2\/pages\/148","targetHints":{"allow":["GET"]}}],"collection":[{"href":"https:\/\/metgumruk.com\/index.php\/wp-json\/wp\/v2\/pages"}],"about":[{"href":"https:\/\/metgumruk.com\/index.php\/wp-json\/wp\/v2\/types\/page"}],"author":[{"embeddable":true,"href":"https:\/\/metgumruk.com\/index.php\/wp-json\/wp\/v2\/users\/1"}],"replies":[{"embeddable":true,"href":"https:\/\/metgumruk.com\/index.php\/wp-json\/wp\/v2\/comments?post=148"}],"version-history":[{"count":4,"href":"https:\/\/metgumruk.com\/index.php\/wp-json\/wp\/v2\/pages\/148\/revisions"}],"predecessor-version":[{"id":164,"href":"https:\/\/metgumruk.com\/index.php\/wp-json\/wp\/v2\/pages\/148\/revisions\/164"}],"wp:attachment":[{"href":"https:\/\/metgumruk.com\/index.php\/wp-json\/wp\/v2\/media?parent=148"}],"curies":[{"name":"wp","href":"https:\/\/api.w.org\/{rel}","templated":true}]}}