{"id":149,"date":"2022-12-20T17:20:09","date_gmt":"2022-12-20T14:20:09","guid":{"rendered":"http:\/\/metgumruk.com\/?page_id=149"},"modified":"2023-01-21T14:24:45","modified_gmt":"2023-01-21T11:24:45","slug":"kalite-politikamiz","status":"publish","type":"page","link":"https:\/\/metgumruk.com\/index.php\/kalite-politikamiz\/","title":{"rendered":"Kalite Politikam\u0131z"},"content":{"rendered":"\t\t<div data-elementor-type=\"wp-page\" data-elementor-id=\"149\" class=\"elementor elementor-149\">\n\t\t\t\t\t\t<div class=\"elementor-inner\">\n\t\t\t\t<div class=\"elementor-section-wrap\">\n\t\t\t\t\t\t\t\t\t<section class=\"elementor-section elementor-top-section elementor-element elementor-element-1af28374 elementor-section-content-middle elementor-reverse-mobile elementor-section-boxed elementor-section-height-default elementor-section-height-default\" data-id=\"1af28374\" data-element_type=\"section\" data-settings=\"{&quot;background_background&quot;:&quot;gradient&quot;}\">\n\t\t\t\t\t\t<div class=\"elementor-container elementor-column-gap-default\">\n\t\t\t\t\t\t\t<div class=\"elementor-row\">\n\t\t\t\t\t<div class=\"aux-parallax-section elementor-column elementor-col-50 elementor-top-column elementor-element elementor-element-19eddb7b\" data-id=\"19eddb7b\" data-element_type=\"column\">\n\t\t\t<div class=\"elementor-column-wrap elementor-element-populated\">\n\t\t\t\t\t\t\t<div class=\"elementor-widget-wrap\">\n\t\t\t\t\t\t<div class=\"elementor-element elementor-element-fc4623d aux-appear-watch-animation aux-mask-from-left elementor-widget elementor-widget-aux_modern_heading\" data-id=\"fc4623d\" data-element_type=\"widget\" data-widget_type=\"aux_modern_heading.default\">\n\t\t\t\t<div class=\"elementor-widget-container\">\n\t\t\t<section class=\"aux-widget-modern-heading\">\n            <div class=\"aux-widget-inner\"><h2 class=\"aux-modern-heading-primary\"><\/h2><h3 class=\"aux-modern-heading-secondary\"><span class=\"aux-head-before\">Kalite Politikas\u0131<\/span><span class=\"aux-head-highlight\"><br>Met G\u00fcmr\u00fck M\u00fc\u015favirli\u011fi<\/span><\/h3><\/div>\n        <\/section>\t\t<\/div>\n\t\t\t\t<\/div>\n\t\t\t\t<div class=\"elementor-element elementor-element-4a7babdb aux-appear-watch-animation aux-fade-in-right elementor-widget elementor-widget-text-editor\" data-id=\"4a7babdb\" data-element_type=\"widget\" data-widget_type=\"text-editor.default\">\n\t\t\t\t<div class=\"elementor-widget-container\">\n\t\t\t\t\t\t\t\t<div class=\"elementor-text-editor elementor-clearfix\">\n\t\t\t\t<div class=\"aux-bus2-title-divider\">\u00a0<\/div>\t\t\t\t\t<\/div>\n\t\t\t\t\t\t<\/div>\n\t\t\t\t<\/div>\n\t\t\t\t<div class=\"elementor-element elementor-element-255d5e38 aux-appear-watch-animation aux-fade-in-up elementor-widget elementor-widget-text-editor\" data-id=\"255d5e38\" data-element_type=\"widget\" data-widget_type=\"text-editor.default\">\n\t\t\t\t<div class=\"elementor-widget-container\">\n\t\t\t\t\t\t\t\t<div class=\"elementor-text-editor elementor-clearfix\">\n\t\t\t\tKalite Politikam\u0131z\nKadromuzu s\u00fcrekli geli\u015fen teknolojilerle entegre etmek ve bunun yan\u0131nda i\u015f alan\u0131m\u0131z\u0131 ilgilendiren kanun, y\u00f6netmelik ve mevzuat de\u011fi\u015fiklikleri sonucunda olu\u015fan e\u011fitim ihtiyac\u0131n\u0131 kar\u015f\u0131lamak i\u00e7in kendi i\u00e7imizde organize etti\u011fimiz ve d\u0131\u015far\u0131dan ald\u0131\u011f\u0131m\u0131z s\u00fcrekli e\u011fitim programlar\u0131 ile canl\u0131 tutmay\u0131 ilke edindik.\nM\u00fc\u015fterilerimize daha so\u011fukkanl\u0131 \u00e7\u00f6z\u00fcmler uygulayarak memnun etmeyi hedeflemekteyiz.\n\nKalitemiz daima fark\u0131m\u0131zdan gelerek en iyi G\u00fcmr\u00fck M\u00fc\u015favirli\u011fi konumuna y\u00fckselmekteyiz.\nSiz m\u00fc\u015fterilerimiz sayesinde her zaman daima ileriye y\u00f6nelik hareket etmekteyiz.\t\t\t\t\t<\/div>\n\t\t\t\t\t\t<\/div>\n\t\t\t\t<\/div>\n\t\t\t\t<div class=\"elementor-element elementor-element-6706b4b3 aux-appear-watch-animation aux-fade-in-right elementor-widget elementor-widget-aux_button\" data-id=\"6706b4b3\" data-element_type=\"widget\" data-widget_type=\"aux_button.default\">\n\t\t\t\t<div class=\"elementor-widget-container\">\n\t\t\t<button   class=\"aux-button aux-medium aux-carmine-pink aux-curve aux-none aux-uppercase\" ><span class=\"aux-overlay\"><\/span><span class=\"aux-text\">\u0130leti\u015fime Ge\u00e7<\/span><\/button>\t\t<\/div>\n\t\t\t\t<\/div>\n\t\t\t\t\t\t<\/div>\n\t\t\t\t\t<\/div>\n\t\t<\/div>\n\t\t\t\t<div class=\"aux-parallax-section elementor-column elementor-col-50 elementor-top-column elementor-element elementor-element-217d178b aux-appear-watch-animation aux-mask-from-left\" data-id=\"217d178b\" data-element_type=\"column\">\n\t\t\t<div class=\"elementor-column-wrap elementor-element-populated\">\n\t\t\t\t\t\t\t<div class=\"elementor-widget-wrap\">\n\t\t\t\t\t\t<div class=\"elementor-element elementor-element-66d4af74 elementor-widget elementor-widget-aux_image\" data-id=\"66d4af74\" data-element_type=\"widget\" data-widget_type=\"aux_image.default\">\n\t\t\t\t<div class=\"elementor-widget-container\">\n\t\t\t<section class=\"widget-container aux-widget-image aux-alignnone aux-parent-au87a0a617\">\n    <div class=\"aux-media-hint-frame \">\n        <div class=\"aux-media-image \" >\n        \n            \n\n            \n            <img loading=\"lazy\" decoding=\"async\" width=\"858\" height=\"632\" src=\"image\/gif;base64,R0lGODlhAQABAIAAAAAAAP\/\/\/yH5BAEAAAAALAAAAAABAAEAAAIBRAA7\" class=\"aux-attachment aux-featured-image aux-attachment-id-349 aux-preload aux-blank\" alt=\"stock-photo-multicultural-office-workers-looking-excited\" data-ratio=\"1.36\" data-original-w=\"1024\" sizes=\"auto\" data-srcset=\"https:\/\/metgumruk.com\/wp-content\/uploads\/2023\/01\/stock-photo-multicultural-office-workers-looking-excited-150x110.jpg 150w,https:\/\/metgumruk.com\/wp-content\/uploads\/2023\/01\/stock-photo-multicultural-office-workers-looking-excited-300x221.jpg 300w,https:\/\/metgumruk.com\/wp-content\/uploads\/2023\/01\/stock-photo-multicultural-office-workers-looking-excited-768x566.jpg 768w,https:\/\/metgumruk.com\/wp-content\/uploads\/2023\/01\/stock-photo-multicultural-office-workers-looking-excited-858x632.jpg 858w\" data-src=\"https:\/\/metgumruk.com\/wp-content\/uploads\/2023\/01\/stock-photo-multicultural-office-workers-looking-excited-858x632.jpg\" \/>            \n                <\/div>\n    <\/div>\n\n<\/section><!-- widget-container -->\t\t<\/div>\n\t\t\t\t<\/div>\n\t\t\t\t\t\t<\/div>\n\t\t\t\t\t<\/div>\n\t\t<\/div>\n\t\t\t\t\t\t\t\t<\/div>\n\t\t\t\t\t<\/div>\n\t\t<\/section>\n\t\t\t\t\t\t\t\t\t<\/div>\n\t\t\t<\/div>\n\t\t\t\t\t<\/div>\n\t\t","protected":false},"excerpt":{"rendered":"<p>Kalite Politikas\u0131Met G\u00fcmr\u00fck M\u00fc\u015favirli\u011fi \u00a0Kalite Politikam\u0131z Kadromuzu s\u00fcrekli geli\u015fen teknolojilerle entegre etmek ve bunun yan\u0131nda i\u015f alan\u0131m\u0131z\u0131 ilgilendiren kanun, y\u00f6netmelik ve mevzuat de\u011fi\u015fiklikleri sonucunda olu\u015fan e\u011fitim ihtiyac\u0131n\u0131 kar\u015f\u0131lamak i\u00e7in kendi i\u00e7imizde organize etti\u011fimiz ve d\u0131\u015far\u0131dan ald\u0131\u011f\u0131m\u0131z s\u00fcrekli e\u011fitim programlar\u0131 ile canl\u0131 tutmay\u0131 ilke edindik. M\u00fc\u015fterilerimize daha so\u011fukkanl\u0131 \u00e7\u00f6z\u00fcmler uygulayarak memnun etmeyi hedeflemekteyiz. Kalitemiz daima fark\u0131m\u0131zdan [&hellip;]<\/p>\n","protected":false},"author":1,"featured_media":0,"parent":0,"menu_order":0,"comment_status":"closed","ping_status":"closed","template":"","meta":{"footnotes":""},"class_list":["post-149","page","type-page","status-publish","hentry"],"_links":{"self":[{"href":"https:\/\/metgumruk.com\/index.php\/wp-json\/wp\/v2\/pages\/149","targetHints":{"allow":["GET"]}}],"collection":[{"href":"https:\/\/metgumruk.com\/index.php\/wp-json\/wp\/v2\/pages"}],"about":[{"href":"https:\/\/metgumruk.com\/index.php\/wp-json\/wp\/v2\/types\/page"}],"author":[{"embeddable":true,"href":"https:\/\/metgumruk.com\/index.php\/wp-json\/wp\/v2\/users\/1"}],"replies":[{"embeddable":true,"href":"https:\/\/metgumruk.com\/index.php\/wp-json\/wp\/v2\/comments?post=149"}],"version-history":[{"count":7,"href":"https:\/\/metgumruk.com\/index.php\/wp-json\/wp\/v2\/pages\/149\/revisions"}],"predecessor-version":[{"id":352,"href":"https:\/\/metgumruk.com\/index.php\/wp-json\/wp\/v2\/pages\/149\/revisions\/352"}],"wp:attachment":[{"href":"https:\/\/metgumruk.com\/index.php\/wp-json\/wp\/v2\/media?parent=149"}],"curies":[{"name":"wp","href":"https:\/\/api.w.org\/{rel}","templated":true}]}}