{"id":230,"date":"2022-12-22T05:04:16","date_gmt":"2022-12-22T02:04:16","guid":{"rendered":"http:\/\/metgumruk.com\/?page_id=230"},"modified":"2023-01-21T14:45:57","modified_gmt":"2023-01-21T11:45:57","slug":"uzlasma-temsilciligi","status":"publish","type":"page","link":"https:\/\/metgumruk.com\/index.php\/uzlasma-temsilciligi\/","title":{"rendered":"Uzla\u015fma Temsilcili\u011fi"},"content":{"rendered":"\n<p>Met G\u00fcmr\u00fck M\u00fc\u015favirli\u011fi Olarak T\u00fcm G\u00fcmr\u00fck \u0130\u015flemlerinizde Alan\u0131nda Uzman Kadro ve Ekibimiz ile Hizmetinizdeyiz. T\u00fcm \u0130\u015flemleriniz \u0130\u00e7in Bilgi veya Dan\u0131\u015fmanl\u0131k Hizmeti Almak \u0130\u00e7in L\u00fctfen <strong><em><a href=\"http:\/\/wa.me\/905393706181\" data-type=\"URL\" data-id=\"wa.me\/905393706181\">T\u0131klay\u0131n\u0131z<\/a><\/em><\/strong>.<\/p>\n","protected":false},"excerpt":{"rendered":"<p>Met G\u00fcmr\u00fck M\u00fc\u015favirli\u011fi Olarak T\u00fcm G\u00fcmr\u00fck \u0130\u015flemlerinizde Alan\u0131nda Uzman Kadro ve Ekibimiz ile Hizmetinizdeyiz. T\u00fcm \u0130\u015flemleriniz \u0130\u00e7in Bilgi veya Dan\u0131\u015fmanl\u0131k Hizmeti Almak \u0130\u00e7in L\u00fctfen T\u0131klay\u0131n\u0131z.<\/p>\n","protected":false},"author":1,"featured_media":0,"parent":0,"menu_order":0,"comment_status":"closed","ping_status":"closed","template":"","meta":{"footnotes":""},"class_list":["post-230","page","type-page","status-publish","hentry"],"_links":{"self":[{"href":"https:\/\/metgumruk.com\/index.php\/wp-json\/wp\/v2\/pages\/230","targetHints":{"allow":["GET"]}}],"collection":[{"href":"https:\/\/metgumruk.com\/index.php\/wp-json\/wp\/v2\/pages"}],"about":[{"href":"https:\/\/metgumruk.com\/index.php\/wp-json\/wp\/v2\/types\/page"}],"author":[{"embeddable":true,"href":"https:\/\/metgumruk.com\/index.php\/wp-json\/wp\/v2\/users\/1"}],"replies":[{"embeddable":true,"href":"https:\/\/metgumruk.com\/index.php\/wp-json\/wp\/v2\/comments?post=230"}],"version-history":[{"count":3,"href":"https:\/\/metgumruk.com\/index.php\/wp-json\/wp\/v2\/pages\/230\/revisions"}],"predecessor-version":[{"id":363,"href":"https:\/\/metgumruk.com\/index.php\/wp-json\/wp\/v2\/pages\/230\/revisions\/363"}],"wp:attachment":[{"href":"https:\/\/metgumruk.com\/index.php\/wp-json\/wp\/v2\/media?parent=230"}],"curies":[{"name":"wp","href":"https:\/\/api.w.org\/{rel}","templated":true}]}}