{"id":232,"date":"2022-12-22T05:29:00","date_gmt":"2022-12-22T02:29:00","guid":{"rendered":"http:\/\/metgumruk.com\/?page_id=232"},"modified":"2023-01-21T14:56:06","modified_gmt":"2023-01-21T11:56:06","slug":"dahilde-isleme-izin-belgesi-danismanligi","status":"publish","type":"page","link":"https:\/\/metgumruk.com\/index.php\/dahilde-isleme-izin-belgesi-danismanligi\/","title":{"rendered":"Dahilde \u0130\u015fleme \u0130zin Belgesi Dan\u0131\u015fmanl\u0131\u011f\u0131"},"content":{"rendered":"\n<p>Met G\u00fcmr\u00fck M\u00fc\u015favirli\u011fi Olarak T\u00fcm G\u00fcmr\u00fck \u0130\u015flemlerinizde Alan\u0131nda Uzman Kadro ve Ekibimiz ile Hizmetinizdeyiz. T\u00fcm \u0130\u015flemleriniz \u0130\u00e7in Bilgi veya Dan\u0131\u015fmanl\u0131k Hizmeti Almak \u0130\u00e7in L\u00fctfen <strong><em><a href=\"http:\/\/wa.me\/905393706181\" data-type=\"URL\" data-id=\"wa.me\/905393706181\">T\u0131klay\u0131n\u0131z<\/a><\/em><\/strong>.<\/p>\n","protected":false},"excerpt":{"rendered":"<p>Met G\u00fcmr\u00fck M\u00fc\u015favirli\u011fi Olarak T\u00fcm G\u00fcmr\u00fck \u0130\u015flemlerinizde Alan\u0131nda Uzman Kadro ve Ekibimiz ile Hizmetinizdeyiz. T\u00fcm \u0130\u015flemleriniz \u0130\u00e7in Bilgi veya Dan\u0131\u015fmanl\u0131k Hizmeti Almak \u0130\u00e7in L\u00fctfen T\u0131klay\u0131n\u0131z.<\/p>\n","protected":false},"author":1,"featured_media":0,"parent":0,"menu_order":0,"comment_status":"closed","ping_status":"closed","template":"","meta":{"footnotes":""},"class_list":["post-232","page","type-page","status-publish","hentry"],"_links":{"self":[{"href":"https:\/\/metgumruk.com\/index.php\/wp-json\/wp\/v2\/pages\/232","targetHints":{"allow":["GET"]}}],"collection":[{"href":"https:\/\/metgumruk.com\/index.php\/wp-json\/wp\/v2\/pages"}],"about":[{"href":"https:\/\/metgumruk.com\/index.php\/wp-json\/wp\/v2\/types\/page"}],"author":[{"embeddable":true,"href":"https:\/\/metgumruk.com\/index.php\/wp-json\/wp\/v2\/users\/1"}],"replies":[{"embeddable":true,"href":"https:\/\/metgumruk.com\/index.php\/wp-json\/wp\/v2\/comments?post=232"}],"version-history":[{"count":4,"href":"https:\/\/metgumruk.com\/index.php\/wp-json\/wp\/v2\/pages\/232\/revisions"}],"predecessor-version":[{"id":367,"href":"https:\/\/metgumruk.com\/index.php\/wp-json\/wp\/v2\/pages\/232\/revisions\/367"}],"wp:attachment":[{"href":"https:\/\/metgumruk.com\/index.php\/wp-json\/wp\/v2\/media?parent=232"}],"curies":[{"name":"wp","href":"https:\/\/api.w.org\/{rel}","templated":true}]}}