{"id":270,"date":"2022-12-22T06:31:26","date_gmt":"2022-12-22T03:31:26","guid":{"rendered":"http:\/\/metgumruk.com\/?page_id=270"},"modified":"2023-01-21T14:43:38","modified_gmt":"2023-01-21T11:43:38","slug":"gumruk-musavirligi-hizmetleri","status":"publish","type":"page","link":"https:\/\/metgumruk.com\/index.php\/gumruk-musavirligi-hizmetleri\/","title":{"rendered":"G\u00fcmr\u00fck M\u00fc\u015favirli\u011fi Hizmetleri"},"content":{"rendered":"\n<h2 class=\"wp-block-heading\">G\u00fcmr\u00fck M\u00fc\u015favirli\u011fi Hizmetleri<\/h2>\n\n\n\n<p><strong>G\u00fcmr\u00fckleme<\/strong>; en genel anlam\u0131yla, yabanc\u0131 bir \u00fclke ile ger\u00e7ekle\u015ftirilen d\u0131\u015f ticaret i\u015flemleri kapsam\u0131nda T\u00fcrkiye Cumhuriyeti G\u00fcmr\u00fck B\u00f6lgesine giren, \u00e7\u0131kan e\u015fya ve ta\u015f\u0131t ara\u00e7lar\u0131na g\u00fcmr\u00fck mevzuat\u0131 ve ilgili di\u011fer mevzuat uyar\u0131nca uygulanmas\u0131 zorunlu i\u015flemlerin ger\u00e7ekle\u015ftirilmesini ifade eder. T\u00fcrkiye Cumhuriyeti G\u00fcmr\u00fck B\u00f6lgesi ve T\u00fcrkiye Cumhuriyeti topraklar\u0131n\u0131 kapsar; T\u00fcrkiye kara sular\u0131, i\u00e7 sular\u0131 ve hava sahas\u0131 T\u00fcrkiye g\u00fcmr\u00fck b\u00f6lgesine d\u00e2hildir.<\/p>\n\n\n\n<p>4458 say\u0131l\u0131 G\u00fcmr\u00fck Kanunu\u2019nun 5.Maddesi uyar\u0131nca;&nbsp; \u201cB\u00fct\u00fcn ki\u015filer, g\u00fcmr\u00fck mevzuat\u0131 ile \u00f6ng\u00f6r\u00fclen tasarruflar\u0131 ve i\u015flemleri ger\u00e7ekle\u015ftirmek \u00fczere g\u00fcmr\u00fck idarelerindeki i\u015fleri i\u00e7in bir&nbsp;<strong>temsilci<\/strong>&nbsp;tayin edebilirler. Transit ta\u015f\u0131mac\u0131l\u0131k yapan veya ar\u0131zi olarak beyanda bulunan ki\u015filer hari\u00e7 olmak \u00fczere,&nbsp;<strong><u>temsilci T\u00fcrkiye g\u00fcmr\u00fck b\u00f6lgesinde yerle\u015fik bulunan ki\u015filerdir<\/u>.<\/strong><\/p>\n\n\n\n<p>Temsil,&nbsp;<strong>do\u011frudan<\/strong>&nbsp;veya&nbsp;<strong>dolayl\u0131<\/strong>&nbsp;olabilir. Temsilci, do\u011frudan temsil durumunda ba\u015fkas\u0131n\u0131n ad\u0131na ve hesab\u0131na hareket eder.&nbsp;<strong>Dolayl\u0131 temsil<\/strong>&nbsp;durumunda ise&nbsp;kendi ad\u0131na, ancak ba\u015fkas\u0131n\u0131n hesab\u0131na&nbsp;hareket eder. Temsilci, temsil edilen ki\u015fi nam\u0131na hareket etti\u011fini beyan etmek, temsilin do\u011frudan veya dolayl\u0131 oldu\u011funu belirtmek ve sahip oldu\u011fu temsil yetki belgesini g\u00fcmr\u00fck idarelerine ibraz etmek zorundad\u0131r.<\/p>\n\n\n\n<p>225. maddenin 1. f\u0131kras\u0131nda belirtilen ki\u015filer g\u00fcmr\u00fck idarelerinde dolayl\u0131 temsilci olarak i\u015f takip edebilirler.\u201d<\/p>\n\n\n\n<p>G\u00fcmr\u00fck Kanunu\u2019nun 225. Maddesi \u00e7er\u00e7evesinde de; &nbsp;\u201cE\u015fyan\u0131n g\u00fcmr\u00fck\u00e7e onaylanm\u0131\u015f bir i\u015flem veya kullan\u0131ma tabi tutulmas\u0131na ili\u015fkin faaliyetler, 5.madde h\u00fck\u00fcmleri \u00e7er\u00e7evesinde, sahipleri ile bunlar\u0131n ad\u0131na hareket edenler taraf\u0131ndan do\u011frudan temsil yoluyla veya&nbsp;<strong><u>G\u00fcmr\u00fck M\u00fc\u015favirleri<\/u><\/strong>&nbsp;taraf\u0131ndan dolayl\u0131 temsil yoluyla takip edilir ve sonu\u00e7land\u0131r\u0131l\u0131r.\u201d.<\/p>\n\n\n\n<p><strong>Sonu\u00e7 olarak;<\/strong>&nbsp;G\u00fcmr\u00fck M\u00fc\u015favirleri, G\u00fcmr\u00fck Kanunu\u2019nda yer alan ve yukar\u0131da zikredilen yetkiler do\u011frultusunda, g\u00fcmr\u00fck mevzuat\u0131 ile \u00f6ng\u00f6r\u00fclen tasarruflar\u0131 ve i\u015flemleri temsilci s\u0131fat\u0131yla ger\u00e7ekle\u015ftirebilir; her t\u00fcrl\u00fc g\u00fcmr\u00fck i\u015flemini takip ederek sonu\u00e7land\u0131rabilirler.<\/p>\n\n\n\n<p>G\u00fcmr\u00fck M\u00fc\u015favirleri,&nbsp; g\u00fcmr\u00fck mevzuat\u0131n\u0131n gerektirdi\u011fi i\u015flemleri ve b\u00fcrokratik s\u00fcreci hatas\u0131z y\u00fcr\u00fctmek ve temsil etti\u011fi ki\u015fi ve kurulu\u015flar\u0131n hukuki haklar\u0131n\u0131, \u00e7\u0131karlar\u0131n\u0131 ve yararlar\u0131n\u0131 g\u00f6zeterek, onlar\u0131 maddi ve manevi her t\u00fcrl\u00fc zarardan koruyacak \u015fekilde, g\u00fcmr\u00fck ve d\u0131\u015f ticaret konular\u0131nda y\u00fcksek donan\u0131mla, vas\u0131fl\u0131 dan\u0131\u015fmanl\u0131k hizmeti vermek zorundad\u0131rlar.<br>G\u00fcmr\u00fck M\u00fc\u015favirleri, Bor\u00e7lar Kanunu uyar\u0131nca vekil sorumlulu\u011fu ve Ticaret Kanunu h\u00fck\u00fcmleri \u00e7er\u00e7evesinde tacir mesuliyeti ile \u00e7al\u0131\u015fmak; 4458 Say\u0131l\u0131 G\u00fcmr\u00fck Kanunu ve 5607 Say\u0131l\u0131 Ka\u00e7ak\u00e7\u0131l\u0131kla M\u00fccadele Yasas\u0131 uyar\u0131nca m\u00fcteselsil sorumluluk bilinciyle hareket etmekle m\u00fckelleftirler.<\/p>\n\n\n\n<p><\/p>\n\n\n\n<p>Bu kapsamda temsil edilen\/i\u015flemleri takip edilen ki\u015fi\/kurulu\u015flara, m\u00fc\u015fterilerimize sunulan ba\u015fl\u0131ca hizmetler \u015funlard\u0131r :<\/p>\n\n\n\n<ul class=\"wp-block-list\">\n<li>M\u00fc\u015fterilerimizin d\u0131\u015f ticaret ve g\u00fcmr\u00fck i\u015flemlerindeki mevcut durumlar\u0131n\u0131 analiz etmek; yurtd\u0131\u015f\u0131ndan gelen ya da yurtd\u0131\u015f\u0131na giden e\u015fyas\u0131na ait g\u00fcmr\u00fck rejimlerini al\u0131nan bilgiler ve sunulan evraklar do\u011frultusunda tespit etmek ve uygulamak; gerekirse k\u00fc\u015fat talebinde bulunmak.<\/li>\n\n\n\n<li>G\u00fcmr\u00fcklemesi yap\u0131lacak e\u015fyan\u0131n G\u00fcmr\u00fck Tarife \u0130statistik Pozisyonunu (G.T.\u0130.P.), 4458 say\u0131l\u0131 G\u00fcmr\u00fck Kanunu ve buna ba\u011fl\u0131 mevzuat uyar\u0131nca, temsil edilen ki\u015fi\/kurulu\u015f taraf\u0131ndan sunulan bilgi, belge ve numunelere g\u00f6re tespit etmek.<\/li>\n\n\n\n<li>E\u015fyan\u0131n tabi tutulaca\u011f\u0131 g\u00fcmr\u00fck rejimine g\u00f6re, m\u00fc\u015fterilerimizin \u00e7al\u0131\u015fmakta oldu\u011fu kar\u015f\u0131 m\u00fc\u015fterilerinden gelen ve g\u00fcmr\u00fck idarelerine ibraz edilmesi zorunlu evraklar\u0131 kontrol ederek, bu evraklara G\u00fcmr\u00fck Kanunu ve ilgili mevzuat h\u00fck\u00fcmlerine g\u00f6re, e\u015fyay\u0131 yasal bir g\u00fcmr\u00fck rejimine tabi tutarak g\u00fcmr\u00fck beyannamesini haz\u0131rlamak ve g\u00fcmr\u00fck m\u00fc\u015faviri s\u0131fat\u0131 ile imzalayarak onaylamak.<\/li>\n\n\n\n<li>M\u00fc\u015fterilerimizin talebi \u00fczerine, gelen e\u015fyada eksiklik, hasar veya yanl\u0131\u015fl\u0131k varsa tespitini yapmak, tutanak d\u00fczenlemek; m\u00fc\u015fteriyi ve di\u011fer ilgili yerleri bilgilendirmek.<\/li>\n\n\n\n<li>G\u00fcmr\u00fck vergilerini hesaplayarak m\u00fc\u015fteriye bildirmek.<\/li>\n\n\n\n<li>G\u00fcmr\u00fck beyannamesinin m\u00fckellef n\u00fcshas\u0131, fatura, dekont, makbuz ve benzeri belgeleri makul s\u00fcre i\u00e7erisinde m\u00fc\u015fteriye teslim etmek.<\/li>\n\n\n\n<li>\u0130hracat Beyanname kapamalar\u0131n\u0131 takip etmek.<\/li>\n\n\n\n<li>D\u0131\u015f ticaret i\u015flemleriyle ilgili evraklar\u0131 kurye servis olanaklar\u0131yla teslim almak\/teslim etmek.<\/li>\n\n\n\n<li>G\u00fcmr\u00fckl\u00fc alanlarda y\u00fckleme, bo\u015faltma, hammaliye, elle\u00e7leme ve benzeri i\u015flemlerle ilgili eleman\/ara\u00e7 tahsisi ve\/veya temini yapmak.<\/li>\n\n\n\n<li>G\u00fcmr\u00fck idaresi haricinde di\u011fer resmi kurum ve kurulu\u015flarda; ithal ve ihra\u00e7 i\u015flemleri i\u00e7in gerekli olan: izin, muafiyet, numune al\u0131m\u0131, tahlil ve benzeri i\u015f ve i\u015flemleri i\u00e7in eleman ve ara\u00e7 tahsisi, temini, takibi, sonland\u0131r\u0131lmas\u0131n\u0131 yapmak.<\/li>\n\n\n\n<li>Acente ve g\u00fcmr\u00fck saymanl\u0131klar\u0131nda olu\u015fan depozito ya da teminatlar\u0131 \u00e7\u00f6zmek.<\/li>\n\n\n\n<li>\u0130thal ve ihra\u00e7 edilecek e\u015fya ile ilgili (D\u00e2hilde \u0130\u015fleme \u0130zin Belgesi -D.\u0130.\u0130.B.-, Hari\u00e7te \u0130\u015fleme \u0130zin Belgesi -H.\u0130.\u0130.B., Yat\u0131r\u0131m Te\u015fvik Belgesi -Y.T.B.- v.b. ) izinleri almak, takip etmek ve sonu\u00e7land\u0131rmak.<\/li>\n\n\n\n<li>E\u015fyan\u0131n beraberinde gidecek vesaiki nakliyeci firmaya teslim etmek.<\/li>\n\n\n\n<li>\u0130lgili ihracat\u00e7\u0131 birliklerine \u00fcyelik kay\u0131t i\u015flemlerini yapt\u0131rmak.<\/li>\n\n\n\n<li>\u0130hracat rejimi ile ilgili mevzuatta yer alan usul ve esaslar \u00e7er\u00e7evesinde \u00f6n m\u00fcsaadeleri almak; A.TR, EUR.1 ve Men\u015fe belgelerini onaylatmak, \u00fclke durumuna g\u00f6re gerekli tasdik i\u015flemlerini yapt\u0131rmak.<\/li>\n\n\n\n<li>\u0130thal vesaikinin teslim al\u0131nmas\u0131ndan sonra m\u00fc\u015fterinin talebi halinde kon\u015fimento cirolar\u0131n\u0131 yapmak, y\u00fck teslim formu almak.<\/li>\n\n\n\n<li>G\u00fcmr\u00fck Tarife Cetveli ve \u0130zahnamesinden istifade ederek ba\u011flay\u0131c\u0131 tarife bilgisi al\u0131nmas\u0131 hususunda m\u00fc\u015fteriye yard\u0131mc\u0131 olmak.<\/li>\n\n\n\n<li>\u0130thalat ve ihracat i\u015flemlerine ait belgeleri dijital olarak ar\u015fivlemek.<\/li>\n\n\n\n<li>G\u00fcmr\u00fck idareleriyle ya\u015fan\u0131lan vergi ve ceza ihtilaflar\u0131nda B\u00f6lge M\u00fcd\u00fcrl\u00fckleri veya Ticaret Bakanl\u0131\u011f\u0131 makamlar\u0131na uzla\u015fma m\u00fcracaat\u0131n\u0131 yapmak ve sonu\u00e7land\u0131rmak.<\/li>\n\n\n\n<li>Hizmet verilen i\u015f ve i\u015flemlerle ilgili elektronik bilgi ak\u0131\u015f\u0131n\u0131 sa\u011flamak, ge\u00e7mi\u015f i\u015flemlerle ilgili bilgi ve verilere ula\u015f\u0131m i\u00e7in m\u00fc\u015fteri taraf\u0131ndan verilecek taahh\u00fctname \u00e7er\u00e7evesinde e-servis hizmeti vermek.<\/li>\n\n\n\n<li>M\u00fc\u015fterinin ihtiyac\u0131 halinde d\u0131\u015f ticaret ve g\u00fcmr\u00fckleme i\u015flemlerine ili\u015fkin her konuda yaz\u0131l\u0131 ve\/veya s\u00f6zl\u00fc dan\u0131\u015fmanl\u0131k vermek.<\/li>\n\n\n\n<li>D\u00e2hilde \u0130\u015fleme \u0130zin Belgesi (D.\u0130.\u0130.B.), Hari\u00e7te \u0130\u015fleme \u0130zin Belgesi (H.\u0130.\u0130.B.), Yat\u0131r\u0131m Te\u015fvik Belgesi (YTB), Onaylanm\u0131\u015f Ki\u015fi Stat\u00fc Belgesi (OKSB), Yetkilendirilmi\u015f Y\u00fck\u00fcml\u00fc Sertifkas\u0131 (YYS) gibi izinler ile ilgili talep do\u011frultusunda s\u00fcreli\/s\u00fcresiz dan\u0131\u015fmanl\u0131k vermek.<\/li>\n\n\n\n<li>TSE, Standardizasyon Uygulamalar\u0131, Hazine ve Maliye Bakanl\u0131\u011f\u0131 Tareks Mevzuatlar\u0131 konusunda; i\u015flem baz\u0131nda ya da genel anlamda dan\u0131\u015fmanl\u0131k hizmeti vermek.<\/li>\n\n\n\n<li>G\u00fcmr\u00fck ve d\u0131\u015f ticaret konular\u0131nda kapsaml\u0131 e\u011fitimler vermek.<\/li>\n\n\n\n<li>M\u00fc\u015fteri \u00c7al\u0131\u015fma Portal\u0131 vas\u0131tas\u0131yla online takip ve raporlama yapmak.<\/li>\n<\/ul>\n\n\n\n<p><\/p>\n\n\n\n<p><\/p>\n","protected":false},"excerpt":{"rendered":"<p>G\u00fcmr\u00fck M\u00fc\u015favirli\u011fi Hizmetleri G\u00fcmr\u00fckleme; en genel anlam\u0131yla, yabanc\u0131 bir \u00fclke ile ger\u00e7ekle\u015ftirilen d\u0131\u015f ticaret i\u015flemleri kapsam\u0131nda T\u00fcrkiye Cumhuriyeti G\u00fcmr\u00fck B\u00f6lgesine giren, \u00e7\u0131kan e\u015fya ve ta\u015f\u0131t ara\u00e7lar\u0131na g\u00fcmr\u00fck mevzuat\u0131 ve ilgili di\u011fer mevzuat uyar\u0131nca uygulanmas\u0131 zorunlu i\u015flemlerin ger\u00e7ekle\u015ftirilmesini ifade eder. T\u00fcrkiye Cumhuriyeti G\u00fcmr\u00fck B\u00f6lgesi ve T\u00fcrkiye Cumhuriyeti topraklar\u0131n\u0131 kapsar; T\u00fcrkiye kara sular\u0131, i\u00e7 sular\u0131 ve hava [&hellip;]<\/p>\n","protected":false},"author":1,"featured_media":0,"parent":0,"menu_order":0,"comment_status":"closed","ping_status":"closed","template":"","meta":{"footnotes":""},"class_list":["post-270","page","type-page","status-publish","hentry"],"_links":{"self":[{"href":"https:\/\/metgumruk.com\/index.php\/wp-json\/wp\/v2\/pages\/270","targetHints":{"allow":["GET"]}}],"collection":[{"href":"https:\/\/metgumruk.com\/index.php\/wp-json\/wp\/v2\/pages"}],"about":[{"href":"https:\/\/metgumruk.com\/index.php\/wp-json\/wp\/v2\/types\/page"}],"author":[{"embeddable":true,"href":"https:\/\/metgumruk.com\/index.php\/wp-json\/wp\/v2\/users\/1"}],"replies":[{"embeddable":true,"href":"https:\/\/metgumruk.com\/index.php\/wp-json\/wp\/v2\/comments?post=270"}],"version-history":[{"count":4,"href":"https:\/\/metgumruk.com\/index.php\/wp-json\/wp\/v2\/pages\/270\/revisions"}],"predecessor-version":[{"id":356,"href":"https:\/\/metgumruk.com\/index.php\/wp-json\/wp\/v2\/pages\/270\/revisions\/356"}],"wp:attachment":[{"href":"https:\/\/metgumruk.com\/index.php\/wp-json\/wp\/v2\/media?parent=270"}],"curies":[{"name":"wp","href":"https:\/\/api.w.org\/{rel}","templated":true}]}}