{"id":74,"date":"2018-08-10T08:09:17","date_gmt":"2018-08-10T05:09:17","guid":{"rendered":"http:\/\/metgumruk.com\/index.php\/about-page\/"},"modified":"2023-01-21T17:30:55","modified_gmt":"2023-01-21T14:30:55","slug":"hakkimizda-2","status":"publish","type":"page","link":"https:\/\/metgumruk.com\/index.php\/hakkimizda-2\/","title":{"rendered":"Hakk\u0131m\u0131zda"},"content":{"rendered":"\t\t<div data-elementor-type=\"wp-post\" data-elementor-id=\"74\" class=\"elementor elementor-74\">\n\t\t\t\t\t\t<div class=\"elementor-inner\">\n\t\t\t\t<div class=\"elementor-section-wrap\">\n\t\t\t\t\t\t\t\t\t<section class=\"elementor-section elementor-top-section elementor-element elementor-element-7314bba7 elementor-section-content-middle elementor-reverse-mobile elementor-section-boxed elementor-section-height-default elementor-section-height-default\" data-id=\"7314bba7\" data-element_type=\"section\" data-settings=\"{&quot;background_background&quot;:&quot;gradient&quot;}\">\n\t\t\t\t\t\t<div class=\"elementor-container elementor-column-gap-default\">\n\t\t\t\t\t\t\t<div class=\"elementor-row\">\n\t\t\t\t\t<div class=\"aux-parallax-section elementor-column elementor-col-50 elementor-top-column elementor-element elementor-element-23cd0a7d\" data-id=\"23cd0a7d\" data-element_type=\"column\">\n\t\t\t<div class=\"elementor-column-wrap elementor-element-populated\">\n\t\t\t\t\t\t\t<div class=\"elementor-widget-wrap\">\n\t\t\t\t\t\t<div class=\"elementor-element elementor-element-3a825a31 aux-appear-watch-animation aux-mask-from-left elementor-widget elementor-widget-aux_modern_heading\" data-id=\"3a825a31\" data-element_type=\"widget\" data-widget_type=\"aux_modern_heading.default\">\n\t\t\t\t<div class=\"elementor-widget-container\">\n\t\t\t<section class=\"aux-widget-modern-heading\">\n            <div class=\"aux-widget-inner\"><h2 class=\"aux-modern-heading-primary\"><\/h2><h3 class=\"aux-modern-heading-secondary\"><span class=\"aux-head-highlight\">Hakk\u0131m\u0131zda<\/span><\/h3><\/div>\n        <\/section>\t\t<\/div>\n\t\t\t\t<\/div>\n\t\t\t\t<div class=\"elementor-element elementor-element-78fac6 aux-appear-watch-animation aux-fade-in-right elementor-widget elementor-widget-text-editor\" data-id=\"78fac6\" data-element_type=\"widget\" data-widget_type=\"text-editor.default\">\n\t\t\t\t<div class=\"elementor-widget-container\">\n\t\t\t\t\t\t\t\t<div class=\"elementor-text-editor elementor-clearfix\">\n\t\t\t\t<div class=\"aux-bus2-title-divider\">\u00a0<\/div>\t\t\t\t\t<\/div>\n\t\t\t\t\t\t<\/div>\n\t\t\t\t<\/div>\n\t\t\t\t<div class=\"elementor-element elementor-element-318c61fe aux-appear-watch-animation aux-fade-in-up elementor-widget elementor-widget-text-editor\" data-id=\"318c61fe\" data-element_type=\"widget\" data-widget_type=\"text-editor.default\">\n\t\t\t\t<div class=\"elementor-widget-container\">\n\t\t\t\t\t\t\t\t<div class=\"elementor-text-editor elementor-clearfix\">\n\t\t\t\t<section class=\"elementor-element elementor-element-adf4b88 elementor-section-boxed elementor-section-height-default elementor-section-height-default elementor-section elementor-inner-section\" data-id=\"adf4b88\" data-element_type=\"section\" data-settings=\"{&quot;animation&quot;:&quot;none&quot;}\"><div class=\"elementor-container elementor-column-gap-default\"><div class=\"elementor-row\"><div class=\"elementor-element elementor-element-6ae6a00 elementor-column elementor-col-50 elementor-inner-column\" data-id=\"6ae6a00\" data-element_type=\"column\"><div class=\"elementor-column-wrap elementor-element-populated\"><div class=\"elementor-widget-wrap\"><div class=\"elementor-element elementor-element-58d8b5e elementor-widget elementor-widget-text-editor\" data-id=\"58d8b5e\" data-element_type=\"widget\" data-widget_type=\"text-editor.default\"><div class=\"elementor-widget-container\"><div class=\"elementor-text-editor elementor-clearfix\"><p>Met G\u00fcmr\u00fck M\u00fc\u015favirli\u011fi, hem yerel hem de uluslararas\u0131 alandaki geni\u015f tecr\u00fcbesi ile m\u00fckelleflerine uzun y\u0131llard\u0131r \u00f6nemli d\u0131\u015f ticaret i\u015flemlerinde nitelikli m\u00fc\u015favirlik hizmetleri sunmaktad\u0131r. B\u00fcnyesinde, \u00e7al\u0131\u015fmakta oldu\u011fu t\u00fcm firma gruplar\u0131 i\u00e7in y\u00f6netici ve personelin yan\u0131 s\u0131ra sekt\u00f6rel tecr\u00fcbelerini firmaya aktaran alan\u0131nda uzman m\u00fc\u015favirlerin g\u00f6rev ald\u0131\u011f\u0131 \u00e7ok say\u0131da ofis bar\u0131nd\u0131rmaktad\u0131r.<\/p><p>Met G\u00fcmr\u00fck, G\u00fcmr\u00fck M\u00fc\u015favirli\u011fi alan\u0131nda uzun y\u0131llardan bu yana d\u0131\u015f ticaret \u015firketlerine ihtiya\u00e7 ve talepleri do\u011frultusunda \u201cD\u0131\u015f Ticaret \u0130\u015flemleri\u2019nin t\u00fcm a\u015famalar\u0131nda hizmet vermektedir. Met G\u00fcmr\u00fck teknolojik alt yap\u0131s\u0131n\u0131 g\u00fc\u00e7lendirerek geli\u015fimini h\u0131zland\u0131rm\u0131\u015ft\u0131r. Met G\u00fcmr\u00fck 2021 y\u0131l\u0131nda \u0130stanbul\u2019da a\u00e7\u0131lm\u0131\u015ft\u0131r. Bu hizmet kolunda geni\u015fletmeye de devam etmektedir.<\/p><p>Yakla\u015f\u0131m\u0131m\u0131z\u0131n ve ba\u015far\u0131ya olan inanc\u0131m\u0131z ile ba\u011fl\u0131l\u0131\u011f\u0131m\u0131z\u0131n bir par\u00e7as\u0131 olarak Met G\u00fcmr\u00fck, m\u00fc\u015fterilerinin ihtiya\u00e7lar\u0131n\u0131 anlamak ve ger\u00e7ekle\u015ftirmek amac\u0131yla sadece en yetkin ve en etkili hizmeti garanti etmektedir. Met G\u00fcmr\u00fck ekibi olarak i\u015f ortaklar\u0131m\u0131z\u0131n iyi niyetini ve g\u00fcvenini s\u00fcrd\u00fcrmek i\u00e7in \u00f6zen ve gayretle \u00e7al\u0131\u015fma i\u00e7indedir. Met G\u00fcmr\u00fck, ola\u011fan i\u015flemlerin yan\u0131 s\u0131ra ola\u011fand\u0131\u015f\u0131 i\u015flemleri de sakin ve p\u00fcr\u00fczs\u00fcz bir \u015fekilde s\u00fcrd\u00fcrmek i\u00e7in gerekli t\u00fcm kaynaklara, uzmanl\u0131\u011fa ve yap\u0131c\u0131l\u0131\u011fa sahiptir.<\/p><\/div><\/div><\/div><\/div><\/div><\/div><\/div><\/div><\/section>\t\t\t\t\t<\/div>\n\t\t\t\t\t\t<\/div>\n\t\t\t\t<\/div>\n\t\t\t\t<div class=\"elementor-element elementor-element-3773bc2e aux-appear-watch-animation aux-fade-in-right elementor-widget elementor-widget-aux_button\" data-id=\"3773bc2e\" data-element_type=\"widget\" data-widget_type=\"aux_button.default\">\n\t\t\t\t<div class=\"elementor-widget-container\">\n\t\t\t<button   class=\"aux-button aux-medium aux-carmine-pink aux-curve aux-none aux-uppercase\" ><span class=\"aux-overlay\"><\/span><span class=\"aux-text\">\u0130leti\u015fime Ge\u00e7<\/span><\/button>\t\t<\/div>\n\t\t\t\t<\/div>\n\t\t\t\t\t\t<\/div>\n\t\t\t\t\t<\/div>\n\t\t<\/div>\n\t\t\t\t<div class=\"aux-parallax-section elementor-column elementor-col-50 elementor-top-column elementor-element elementor-element-54185781 aux-appear-watch-animation aux-mask-from-left\" data-id=\"54185781\" data-element_type=\"column\">\n\t\t\t<div class=\"elementor-column-wrap elementor-element-populated\">\n\t\t\t\t\t\t\t<div class=\"elementor-widget-wrap\">\n\t\t\t\t\t\t<div class=\"elementor-element elementor-element-4854fe7 elementor-widget elementor-widget-aux_image\" data-id=\"4854fe7\" data-element_type=\"widget\" data-widget_type=\"aux_image.default\">\n\t\t\t\t<div class=\"elementor-widget-container\">\n\t\t\t<section class=\"widget-container aux-widget-image aux-alignnone aux-parent-au244833a9\">\n    <div class=\"aux-media-hint-frame \">\n        <div class=\"aux-media-image \" >\n        \n            \n\n            \n            <img loading=\"lazy\" decoding=\"async\" width=\"2160\" height=\"1140\" src=\"image\/gif;base64,R0lGODlhAQABAIAAAAAAAP\/\/\/yH5BAEAAAAALAAAAAABAAEAAAIBRAA7\" class=\"aux-attachment aux-featured-image aux-attachment-id-334 aux-preload aux-blank\" alt=\"denizyolu-tasimaciligi_2160x1140\" data-ratio=\"1.89\" data-original-w=\"2160\" data-src=\"https:\/\/metgumruk.com\/wp-content\/uploads\/2023\/01\/denizyolu-tasimaciligi_2160x1140.jpg\" \/>            \n                <\/div>\n    <\/div>\n\n<\/section><!-- widget-container -->\t\t<\/div>\n\t\t\t\t<\/div>\n\t\t\t\t<div class=\"elementor-element elementor-element-597daba6 elementor-widget elementor-widget-aux_image\" data-id=\"597daba6\" data-element_type=\"widget\" data-widget_type=\"aux_image.default\">\n\t\t\t\t<div class=\"elementor-widget-container\">\n\t\t\t<section class=\"widget-container aux-widget-image aux-alignnone aux-parent-auc6a769ef\">\n    <div class=\"aux-media-hint-frame \">\n        <div class=\"aux-media-image \" >\n        \n            \n\n            \n            <img loading=\"lazy\" decoding=\"async\" width=\"2160\" height=\"1140\" src=\"image\/gif;base64,R0lGODlhAQABAIAAAAAAAP\/\/\/yH5BAEAAAAALAAAAAABAAEAAAIBRAA7\" class=\"aux-attachment aux-featured-image aux-attachment-id-339 aux-preload aux-blank\" alt=\"4e4d158077b28707cc25cd_2160x1140\" data-ratio=\"1.89\" data-original-w=\"2160\" data-src=\"https:\/\/metgumruk.com\/wp-content\/uploads\/2023\/01\/4e4d158077b28707cc25cd_2160x1140.jpg\" \/>            \n                <\/div>\n    <\/div>\n\n<\/section><!-- widget-container -->\t\t<\/div>\n\t\t\t\t<\/div>\n\t\t\t\t\t\t<\/div>\n\t\t\t\t\t<\/div>\n\t\t<\/div>\n\t\t\t\t\t\t\t\t<\/div>\n\t\t\t\t\t<\/div>\n\t\t<\/section>\n\t\t\t\t<section class=\"elementor-section elementor-top-section elementor-element elementor-element-26e9be1 elementor-section-content-middle elementor-reverse-mobile elementor-section-boxed elementor-section-height-default elementor-section-height-default\" data-id=\"26e9be1\" data-element_type=\"section\" data-settings=\"{&quot;background_background&quot;:&quot;gradient&quot;}\">\n\t\t\t\t\t\t<div class=\"elementor-container elementor-column-gap-default\">\n\t\t\t\t\t\t\t<div class=\"elementor-row\">\n\t\t\t\t\t<div class=\"aux-parallax-section elementor-column elementor-col-50 elementor-top-column elementor-element elementor-element-67df68f7\" data-id=\"67df68f7\" data-element_type=\"column\">\n\t\t\t<div class=\"elementor-column-wrap elementor-element-populated\">\n\t\t\t\t\t\t\t<div class=\"elementor-widget-wrap\">\n\t\t\t\t\t\t<div class=\"elementor-element elementor-element-3f578602 aux-appear-watch-animation aux-mask-from-left elementor-widget elementor-widget-aux_modern_heading\" data-id=\"3f578602\" data-element_type=\"widget\" data-widget_type=\"aux_modern_heading.default\">\n\t\t\t\t<div class=\"elementor-widget-container\">\n\t\t\t<section class=\"aux-widget-modern-heading\">\n            <div class=\"aux-widget-inner\"><h2 class=\"aux-modern-heading-primary\"><\/h2><h3 class=\"aux-modern-heading-secondary\"><span class=\"aux-head-highlight\">Misyonumuz<\/span><\/h3><\/div>\n        <\/section>\t\t<\/div>\n\t\t\t\t<\/div>\n\t\t\t\t<div class=\"elementor-element elementor-element-2385617 aux-appear-watch-animation aux-fade-in-right elementor-widget elementor-widget-text-editor\" data-id=\"2385617\" data-element_type=\"widget\" data-widget_type=\"text-editor.default\">\n\t\t\t\t<div class=\"elementor-widget-container\">\n\t\t\t\t\t\t\t\t<div class=\"elementor-text-editor elementor-clearfix\">\n\t\t\t\t<div class=\"aux-bus2-title-divider\">\u00a0<\/div>\t\t\t\t\t<\/div>\n\t\t\t\t\t\t<\/div>\n\t\t\t\t<\/div>\n\t\t\t\t<div class=\"elementor-element elementor-element-56cb9d70 aux-appear-watch-animation aux-fade-in-up elementor-widget elementor-widget-text-editor\" data-id=\"56cb9d70\" data-element_type=\"widget\" data-widget_type=\"text-editor.default\">\n\t\t\t\t<div class=\"elementor-widget-container\">\n\t\t\t\t\t\t\t\t<div class=\"elementor-text-editor elementor-clearfix\">\n\t\t\t\t<p>Met G\u00fcmr\u00fck M\u00fc\u015favirli\u011fi m\u00fc\u015fterilerinin, ihtiya\u00e7 ve beklentilerini konusunda uzman teknik ekibiyle tespit ederek m\u00fc\u015fteri memnuniyetini en \u00fcst seviyede tutacak \u015fekilde kaliteli ve h\u0131zl\u0131 hizmet sunmay\u0131 hedeflemektedir.<\/p>\t\t\t\t\t<\/div>\n\t\t\t\t\t\t<\/div>\n\t\t\t\t<\/div>\n\t\t\t\t<div class=\"elementor-element elementor-element-5598149d aux-appear-watch-animation aux-mask-from-left elementor-widget elementor-widget-aux_modern_heading\" data-id=\"5598149d\" data-element_type=\"widget\" data-widget_type=\"aux_modern_heading.default\">\n\t\t\t\t<div class=\"elementor-widget-container\">\n\t\t\t<section class=\"aux-widget-modern-heading\">\n            <div class=\"aux-widget-inner\"><h2 class=\"aux-modern-heading-primary\"><\/h2><h3 class=\"aux-modern-heading-secondary\"><span class=\"aux-head-highlight\">Vizyonumuz<\/span><\/h3><\/div>\n        <\/section>\t\t<\/div>\n\t\t\t\t<\/div>\n\t\t\t\t<div class=\"elementor-element elementor-element-48f4f98f aux-appear-watch-animation aux-fade-in-up elementor-widget elementor-widget-text-editor\" data-id=\"48f4f98f\" data-element_type=\"widget\" data-widget_type=\"text-editor.default\">\n\t\t\t\t<div class=\"elementor-widget-container\">\n\t\t\t\t\t\t\t\t<div class=\"elementor-text-editor elementor-clearfix\">\n\t\t\t\t<p>Met G\u00fcmr\u00fck M\u00fc\u015favirli\u011fi m\u00fc\u015fterilerinin, ihtiya\u00e7 ve beklentilerini konusunda uzman teknik ekibiyle tespit ederek m\u00fc\u015fteri memnuniyetini en \u00fcst seviyede tutacak \u015fekilde kaliteli ve h\u0131zl\u0131 hizmet sunmay\u0131 hedeflemektedir.<\/p>\t\t\t\t\t<\/div>\n\t\t\t\t\t\t<\/div>\n\t\t\t\t<\/div>\n\t\t\t\t<div class=\"elementor-element elementor-element-6d26fe7d aux-appear-watch-animation aux-mask-from-left elementor-widget elementor-widget-aux_modern_heading\" data-id=\"6d26fe7d\" data-element_type=\"widget\" data-widget_type=\"aux_modern_heading.default\">\n\t\t\t\t<div class=\"elementor-widget-container\">\n\t\t\t<section class=\"aux-widget-modern-heading\">\n            <div class=\"aux-widget-inner\"><h2 class=\"aux-modern-heading-primary\"><\/h2><h3 class=\"aux-modern-heading-secondary\"><span class=\"aux-head-highlight\">Kalite Politikam\u0131z<\/span><\/h3><\/div>\n        <\/section>\t\t<\/div>\n\t\t\t\t<\/div>\n\t\t\t\t<div class=\"elementor-element elementor-element-63ebff9d aux-appear-watch-animation aux-fade-in-up elementor-widget elementor-widget-text-editor\" data-id=\"63ebff9d\" data-element_type=\"widget\" data-widget_type=\"text-editor.default\">\n\t\t\t\t<div class=\"elementor-widget-container\">\n\t\t\t\t\t\t\t\t<div class=\"elementor-text-editor elementor-clearfix\">\n\t\t\t\t<p>E-G\u00fcmr\u00fck ve E-Birlik proje sistemi ile di\u011fer kamu kurulu\u015flar\u0131n\u0131n t\u00fcm onay hizmetlerini ofisten gercekle\u015ftirmek<\/p><p>Sekt\u00f6rdeki t\u00fcm geli\u015fmeleri yak\u0131ndan takip etmek<\/p><p>Kalite Odakl\u0131, alan\u0131nda \u00f6nc\u00fc, h\u0131zl\u0131 ve hatas\u0131z hizmet vermek<\/p><p>M\u00fc\u015fteri memnuniyetini en \u00fcst d\u00fczeyde tutarak sekt\u00f6r\u00fcnde lider olmak<\/p><p>B\u00f6ylece Met G\u00fcmr\u00fck M\u00fc\u015favirli\u011fi; siz m\u00fc\u015fterilerimize daha iyi hizmet sunman\u0131n gururu ve onuru ile yoluna devam etmeyi ama\u00e7 edinmi\u015ftir.<\/p>\t\t\t\t\t<\/div>\n\t\t\t\t\t\t<\/div>\n\t\t\t\t<\/div>\n\t\t\t\t<div class=\"elementor-element elementor-element-6ca3e0f aux-appear-watch-animation aux-fade-in-right elementor-widget elementor-widget-aux_button\" data-id=\"6ca3e0f\" data-element_type=\"widget\" data-widget_type=\"aux_button.default\">\n\t\t\t\t<div class=\"elementor-widget-container\">\n\t\t\t<button   class=\"aux-button aux-medium aux-carmine-pink aux-curve aux-none aux-uppercase\" ><span class=\"aux-overlay\"><\/span><span class=\"aux-text\">Hemen \u0130leti\u015fime Ge\u00e7<\/span><\/button>\t\t<\/div>\n\t\t\t\t<\/div>\n\t\t\t\t\t\t<\/div>\n\t\t\t\t\t<\/div>\n\t\t<\/div>\n\t\t\t\t<div class=\"aux-parallax-section elementor-column elementor-col-50 elementor-top-column elementor-element elementor-element-552f2929 aux-appear-watch-animation aux-mask-from-left\" data-id=\"552f2929\" data-element_type=\"column\">\n\t\t\t<div class=\"elementor-column-wrap elementor-element-populated\">\n\t\t\t\t\t\t\t<div class=\"elementor-widget-wrap\">\n\t\t\t\t\t\t<div class=\"elementor-element elementor-element-7d40b10c elementor-widget elementor-widget-aux_image\" data-id=\"7d40b10c\" data-element_type=\"widget\" data-widget_type=\"aux_image.default\">\n\t\t\t\t<div class=\"elementor-widget-container\">\n\t\t\t<section class=\"widget-container aux-widget-image aux-alignnone aux-parent-au7f58e41b\">\n    <div class=\"aux-media-hint-frame \">\n        <div class=\"aux-media-image \" >\n        \n            \n\n            \n            <img loading=\"lazy\" decoding=\"async\" width=\"800\" height=\"632\" src=\"image\/gif;base64,R0lGODlhAQABAIAAAAAAAP\/\/\/yH5BAEAAAAALAAAAAABAAEAAAIBRAA7\" class=\"aux-attachment aux-featured-image aux-attachment-id-130 aux-preload aux-blank\" alt=\"ilustraci\u00f3n-de-vectores-concepto-abstracto-despacho-aduanas-derechos-aduana-experto-en-importaciones-agente-aduanero-autorizado-196903733\" data-ratio=\"1.36\" data-original-w=\"800\" sizes=\"auto\" data-srcset=\"https:\/\/metgumruk.com\/wp-content\/uploads\/2022\/12\/ilustracion-de-vectores-concepto-abstracto-despacho-aduanas-derechos-aduana-experto-en-importaciones-agente-aduanero-autorizado-196903733-150x110.jpg 150w,https:\/\/metgumruk.com\/wp-content\/uploads\/2022\/12\/ilustracion-de-vectores-concepto-abstracto-despacho-aduanas-derechos-aduana-experto-en-importaciones-agente-aduanero-autorizado-196903733-300x221.jpg 300w,https:\/\/metgumruk.com\/wp-content\/uploads\/2022\/12\/ilustracion-de-vectores-concepto-abstracto-despacho-aduanas-derechos-aduana-experto-en-importaciones-agente-aduanero-autorizado-196903733-768x566.jpg 768w,https:\/\/metgumruk.com\/wp-content\/uploads\/2022\/12\/ilustracion-de-vectores-concepto-abstracto-despacho-aduanas-derechos-aduana-experto-en-importaciones-agente-aduanero-autorizado-196903733-858x632.jpg 800w\" data-src=\"https:\/\/metgumruk.com\/wp-content\/uploads\/2022\/12\/ilustracion-de-vectores-concepto-abstracto-despacho-aduanas-derechos-aduana-experto-en-importaciones-agente-aduanero-autorizado-196903733-858x632.jpg\" \/>            \n                <\/div>\n    <\/div>\n\n<\/section><!-- widget-container -->\t\t<\/div>\n\t\t\t\t<\/div>\n\t\t\t\t<div class=\"elementor-element elementor-element-6cc335e elementor-widget elementor-widget-aux_image\" data-id=\"6cc335e\" data-element_type=\"widget\" data-widget_type=\"aux_image.default\">\n\t\t\t\t<div class=\"elementor-widget-container\">\n\t\t\t<section class=\"widget-container aux-widget-image aux-alignnone aux-parent-au3ae59eeb\">\n    <div class=\"aux-media-hint-frame \">\n        <div class=\"aux-media-image \" >\n        \n            \n\n            \n            <img loading=\"lazy\" decoding=\"async\" width=\"600\" height=\"503\" src=\"image\/gif;base64,R0lGODlhAQABAIAAAAAAAP\/\/\/yH5BAEAAAAALAAAAAABAAEAAAIBRAA7\" class=\"aux-attachment aux-featured-image aux-attachment-id-129 aux-preload aux-blank\" alt=\"624f0712831d0\" data-ratio=\"1.19\" data-original-w=\"600\" data-src=\"https:\/\/metgumruk.com\/wp-content\/uploads\/2022\/12\/624f0712831d0.jpg\" \/>            \n                <\/div>\n    <\/div>\n\n<\/section><!-- widget-container -->\t\t<\/div>\n\t\t\t\t<\/div>\n\t\t\t\t\t\t<\/div>\n\t\t\t\t\t<\/div>\n\t\t<\/div>\n\t\t\t\t\t\t\t\t<\/div>\n\t\t\t\t\t<\/div>\n\t\t<\/section>\n\t\t\t\t<section class=\"elementor-section elementor-top-section elementor-element elementor-element-621dab9d elementor-section-content-middle elementor-reverse-mobile elementor-section-boxed elementor-section-height-default elementor-section-height-default\" data-id=\"621dab9d\" data-element_type=\"section\" data-settings=\"{&quot;background_background&quot;:&quot;gradient&quot;}\">\n\t\t\t\t\t\t<div class=\"elementor-container elementor-column-gap-default\">\n\t\t\t\t\t\t\t<div class=\"elementor-row\">\n\t\t\t\t\t<div class=\"aux-parallax-section elementor-column elementor-col-50 elementor-top-column elementor-element elementor-element-37a99540\" data-id=\"37a99540\" data-element_type=\"column\">\n\t\t\t<div class=\"elementor-column-wrap elementor-element-populated\">\n\t\t\t\t\t\t\t<div class=\"elementor-widget-wrap\">\n\t\t\t\t\t\t<div class=\"elementor-element elementor-element-5cd952fb aux-appear-watch-animation aux-mask-from-left elementor-widget elementor-widget-aux_modern_heading\" data-id=\"5cd952fb\" data-element_type=\"widget\" data-widget_type=\"aux_modern_heading.default\">\n\t\t\t\t<div class=\"elementor-widget-container\">\n\t\t\t<section class=\"aux-widget-modern-heading\">\n            <div class=\"aux-widget-inner\"><h2 class=\"aux-modern-heading-primary\"><\/h2><h3 class=\"aux-modern-heading-secondary\"><span class=\"aux-head-before\">Kalite Politikas\u0131<\/span><span class=\"aux-head-highlight\"><br>Met G\u00fcmr\u00fck M\u00fc\u015favirli\u011fi<\/span><\/h3><\/div>\n        <\/section>\t\t<\/div>\n\t\t\t\t<\/div>\n\t\t\t\t<div class=\"elementor-element elementor-element-6da7357 aux-appear-watch-animation aux-fade-in-right elementor-widget elementor-widget-text-editor\" data-id=\"6da7357\" data-element_type=\"widget\" data-widget_type=\"text-editor.default\">\n\t\t\t\t<div class=\"elementor-widget-container\">\n\t\t\t\t\t\t\t\t<div class=\"elementor-text-editor elementor-clearfix\">\n\t\t\t\t<div class=\"aux-bus2-title-divider\">\u00a0<\/div>\t\t\t\t\t<\/div>\n\t\t\t\t\t\t<\/div>\n\t\t\t\t<\/div>\n\t\t\t\t<div class=\"elementor-element elementor-element-515c0c76 aux-appear-watch-animation aux-fade-in-up elementor-widget elementor-widget-text-editor\" data-id=\"515c0c76\" data-element_type=\"widget\" data-widget_type=\"text-editor.default\">\n\t\t\t\t<div class=\"elementor-widget-container\">\n\t\t\t\t\t\t\t\t<div class=\"elementor-text-editor elementor-clearfix\">\n\t\t\t\tKalite Politikam\u0131z\nKadromuzu s\u00fcrekli geli\u015fen teknolojilerle entegre etmek ve bunun yan\u0131nda i\u015f alan\u0131m\u0131z\u0131 ilgilendiren kanun, y\u00f6netmelik ve mevzuat de\u011fi\u015fiklikleri sonucunda olu\u015fan e\u011fitim ihtiyac\u0131n\u0131 kar\u015f\u0131lamak i\u00e7in kendi i\u00e7imizde organize etti\u011fimiz ve d\u0131\u015far\u0131dan ald\u0131\u011f\u0131m\u0131z s\u00fcrekli e\u011fitim programlar\u0131 ile canl\u0131 tutmay\u0131 ilke edindik.\nM\u00fc\u015fterilerimize daha so\u011fukkanl\u0131 \u00e7\u00f6z\u00fcmler uygulayarak memnun etmeyi hedeflemekteyiz.\n\nKalitemiz daima fark\u0131m\u0131zdan gelerek en iyi G\u00fcmr\u00fck M\u00fc\u015favirli\u011fi konumuna y\u00fckselmekteyiz.\nSiz m\u00fc\u015fterilerimiz sayesinde her zaman daima ileriye y\u00f6nelik hareket etmekteyiz.\t\t\t\t\t<\/div>\n\t\t\t\t\t\t<\/div>\n\t\t\t\t<\/div>\n\t\t\t\t<div class=\"elementor-element elementor-element-61de406 aux-appear-watch-animation aux-fade-in-right elementor-widget elementor-widget-aux_button\" data-id=\"61de406\" data-element_type=\"widget\" data-widget_type=\"aux_button.default\">\n\t\t\t\t<div class=\"elementor-widget-container\">\n\t\t\t<button   class=\"aux-button aux-medium aux-carmine-pink aux-curve aux-none aux-uppercase\" ><span class=\"aux-overlay\"><\/span><span class=\"aux-text\">\u0130leti\u015fime Ge\u00e7<\/span><\/button>\t\t<\/div>\n\t\t\t\t<\/div>\n\t\t\t\t\t\t<\/div>\n\t\t\t\t\t<\/div>\n\t\t<\/div>\n\t\t\t\t<div class=\"aux-parallax-section elementor-column elementor-col-50 elementor-top-column elementor-element elementor-element-59eed748 aux-appear-watch-animation aux-mask-from-left\" data-id=\"59eed748\" data-element_type=\"column\">\n\t\t\t<div class=\"elementor-column-wrap elementor-element-populated\">\n\t\t\t\t\t\t\t<div class=\"elementor-widget-wrap\">\n\t\t\t\t\t\t<div class=\"elementor-element elementor-element-5928b0a6 elementor-widget elementor-widget-aux_image\" data-id=\"5928b0a6\" data-element_type=\"widget\" data-widget_type=\"aux_image.default\">\n\t\t\t\t<div class=\"elementor-widget-container\">\n\t\t\t<section class=\"widget-container aux-widget-image aux-alignnone aux-parent-au60345759\">\n    <div class=\"aux-media-hint-frame \">\n        <div class=\"aux-media-image \" >\n        \n            \n\n            \n            <img loading=\"lazy\" decoding=\"async\" width=\"858\" height=\"632\" src=\"image\/gif;base64,R0lGODlhAQABAIAAAAAAAP\/\/\/yH5BAEAAAAALAAAAAABAAEAAAIBRAA7\" class=\"aux-attachment aux-featured-image aux-attachment-id-30 aux-preload aux-blank\" alt=\"demo-attachment-493-woman-photographer-drinking-coffee-and-working-PJNBP6U\" data-ratio=\"1.36\" data-original-w=\"1500\" sizes=\"auto\" data-srcset=\"https:\/\/metgumruk.com\/wp-content\/uploads\/2018\/08\/woman-photographer-drinking-coffee-and-working-PJNBP6U-150x110.png 150w,https:\/\/metgumruk.com\/wp-content\/uploads\/2018\/08\/woman-photographer-drinking-coffee-and-working-PJNBP6U-300x221.png 300w,https:\/\/metgumruk.com\/wp-content\/uploads\/2018\/08\/woman-photographer-drinking-coffee-and-working-PJNBP6U-768x566.png 768w,https:\/\/metgumruk.com\/wp-content\/uploads\/2018\/08\/woman-photographer-drinking-coffee-and-working-PJNBP6U-1024x754.png 1024w,https:\/\/metgumruk.com\/wp-content\/uploads\/2018\/08\/woman-photographer-drinking-coffee-and-working-PJNBP6U-858x632.png 858w\" data-src=\"https:\/\/metgumruk.com\/wp-content\/uploads\/2018\/08\/woman-photographer-drinking-coffee-and-working-PJNBP6U-858x632.png\" \/>            \n                <\/div>\n    <\/div>\n\n<\/section><!-- widget-container -->\t\t<\/div>\n\t\t\t\t<\/div>\n\t\t\t\t\t\t<\/div>\n\t\t\t\t\t<\/div>\n\t\t<\/div>\n\t\t\t\t\t\t\t\t<\/div>\n\t\t\t\t\t<\/div>\n\t\t<\/section>\n\t\t\t\t\t\t\t\t\t<\/div>\n\t\t\t<\/div>\n\t\t\t\t\t<\/div>\n\t\t","protected":false},"excerpt":{"rendered":"<p>Hakk\u0131m\u0131zda \u00a0 Met G\u00fcmr\u00fck M\u00fc\u015favirli\u011fi, hem yerel hem de uluslararas\u0131 alandaki geni\u015f tecr\u00fcbesi ile m\u00fckelleflerine uzun y\u0131llard\u0131r \u00f6nemli d\u0131\u015f ticaret i\u015flemlerinde nitelikli m\u00fc\u015favirlik hizmetleri sunmaktad\u0131r. B\u00fcnyesinde, \u00e7al\u0131\u015fmakta oldu\u011fu t\u00fcm firma gruplar\u0131 i\u00e7in y\u00f6netici ve personelin yan\u0131 s\u0131ra sekt\u00f6rel tecr\u00fcbelerini firmaya aktaran alan\u0131nda uzman m\u00fc\u015favirlerin g\u00f6rev ald\u0131\u011f\u0131 \u00e7ok say\u0131da ofis bar\u0131nd\u0131rmaktad\u0131r. Met G\u00fcmr\u00fck, G\u00fcmr\u00fck M\u00fc\u015favirli\u011fi alan\u0131nda [&hellip;]<\/p>\n","protected":false},"author":1,"featured_media":0,"parent":0,"menu_order":0,"comment_status":"closed","ping_status":"closed","template":"","meta":{"footnotes":""},"class_list":["post-74","page","type-page","status-publish","hentry"],"_links":{"self":[{"href":"https:\/\/metgumruk.com\/index.php\/wp-json\/wp\/v2\/pages\/74","targetHints":{"allow":["GET"]}}],"collection":[{"href":"https:\/\/metgumruk.com\/index.php\/wp-json\/wp\/v2\/pages"}],"about":[{"href":"https:\/\/metgumruk.com\/index.php\/wp-json\/wp\/v2\/types\/page"}],"author":[{"embeddable":true,"href":"https:\/\/metgumruk.com\/index.php\/wp-json\/wp\/v2\/users\/1"}],"replies":[{"embeddable":true,"href":"https:\/\/metgumruk.com\/index.php\/wp-json\/wp\/v2\/comments?post=74"}],"version-history":[{"count":7,"href":"https:\/\/metgumruk.com\/index.php\/wp-json\/wp\/v2\/pages\/74\/revisions"}],"predecessor-version":[{"id":380,"href":"https:\/\/metgumruk.com\/index.php\/wp-json\/wp\/v2\/pages\/74\/revisions\/380"}],"wp:attachment":[{"href":"https:\/\/metgumruk.com\/index.php\/wp-json\/wp\/v2\/media?parent=74"}],"curies":[{"name":"wp","href":"https:\/\/api.w.org\/{rel}","templated":true}]}}